{"id":885,"date":"2025-11-11T12:14:39","date_gmt":"2025-11-11T12:14:39","guid":{"rendered":"https:\/\/intelligent-bhaskara.93-93-114-159.plesk.page\/?page_id=885"},"modified":"2026-02-20T12:08:41","modified_gmt":"2026-02-20T12:08:41","slug":"neuromoduladores","status":"publish","type":"page","link":"https:\/\/intelligent-bhaskara.93-93-114-159.plesk.page\/index.php\/neuromoduladores\/","title":{"rendered":"NEUROMODULADORES"},"content":{"rendered":"\t\t<div data-elementor-type=\"wp-page\" data-elementor-id=\"885\" class=\"elementor elementor-885\" data-elementor-post-type=\"page\">\n\t\t\t\t<div class=\"elementor-element elementor-element-3dfe0e3b e-flex e-con-boxed e-con e-parent\" data-id=\"3dfe0e3b\" data-element_type=\"container\" data-settings=\"{&quot;background_background&quot;:&quot;classic&quot;}\">\n\t\t\t\t\t<div class=\"e-con-inner\">\n\t\t<div class=\"elementor-element elementor-element-537ccb28 e-con-full e-flex e-con e-child\" data-id=\"537ccb28\" data-element_type=\"container\" data-settings=\"{&quot;background_background&quot;:&quot;classic&quot;}\">\n\t\t<div class=\"elementor-element elementor-element-188c8014 e-con-full e-flex e-con e-child\" data-id=\"188c8014\" data-element_type=\"container\">\n\t\t\t\t<div class=\"elementor-element elementor-element-6fabd917 elementor-widget elementor-widget-text-editor\" data-id=\"6fabd917\" data-element_type=\"widget\" data-widget_type=\"text-editor.default\">\n\t\t\t\t\t\t\t\t\t<p>NEUROMODULADORES<\/p>\t\t\t\t\t\t\t\t<\/div>\n\t\t\t\t<\/div>\n\t\t<div class=\"elementor-element elementor-element-6470c107 e-con-full e-flex e-con e-child\" data-id=\"6470c107\" data-element_type=\"container\" data-settings=\"{&quot;background_background&quot;:&quot;classic&quot;}\">\n\t\t\t\t<div class=\"elementor-element elementor-element-75abf06c elementor-widget elementor-widget-text-editor\" data-id=\"75abf06c\" data-element_type=\"widget\" data-widget_type=\"text-editor.default\">\n\t\t\t\t\t\t\t\t\t<p>EST\u00c9TICA<\/p>\t\t\t\t\t\t\t\t<\/div>\n\t\t\t\t<\/div>\n\t\t\t\t<\/div>\n\t\t\t\t\t<\/div>\n\t\t\t\t<\/div>\n\t\t<div class=\"elementor-element elementor-element-43382ee8 e-flex e-con-boxed e-con e-parent\" data-id=\"43382ee8\" data-element_type=\"container\" data-settings=\"{&quot;background_background&quot;:&quot;classic&quot;}\">\n\t\t\t\t\t<div class=\"e-con-inner\">\n\t\t\t\t<div class=\"elementor-element elementor-element-54890d04 elementor-invisible elementor-widget elementor-widget-text-editor\" data-id=\"54890d04\" data-element_type=\"widget\" data-settings=\"{&quot;_animation&quot;:&quot;fadeInLeft&quot;}\" data-widget_type=\"text-editor.default\">\n\t\t\t\t\t\t\t\t\t<p>FRENTE | ENTRECEJO | ZONA PERIOCULAR<\/p>\t\t\t\t\t\t\t\t<\/div>\n\t\t\t\t\t<\/div>\n\t\t\t\t<\/div>\n\t\t<div class=\"elementor-element elementor-element-1cef0ebf e-flex e-con-boxed e-con e-parent\" data-id=\"1cef0ebf\" data-element_type=\"container\">\n\t\t\t\t\t<div class=\"e-con-inner\">\n\t\t<div class=\"elementor-element elementor-element-22ec52da e-con-full e-flex e-con e-child\" data-id=\"22ec52da\" data-element_type=\"container\" data-settings=\"{&quot;background_background&quot;:&quot;classic&quot;}\">\n\t\t\t\t<div class=\"elementor-element elementor-element-22259cf3 elementor-widget elementor-widget-text-editor\" data-id=\"22259cf3\" data-element_type=\"widget\" data-widget_type=\"text-editor.default\">\n\t\t\t\t\t\t\t\t\t<p>Suaviza l\u00edneas en frente, entrecejo y patas de gallo.<\/p>\t\t\t\t\t\t\t\t<\/div>\n\t\t\t\t<div class=\"elementor-element elementor-element-371bd5af elementor-widget elementor-widget-text-editor\" data-id=\"371bd5af\" data-element_type=\"widget\" data-widget_type=\"text-editor.default\">\n\t\t\t\t\t\t\t\t\t<p>Previene la formaci\u00f3n de nuevas arrugas.<\/p>\t\t\t\t\t\t\t\t<\/div>\n\t\t\t\t<div class=\"elementor-element elementor-element-f6add33 elementor-widget elementor-widget-text-editor\" data-id=\"f6add33\" data-element_type=\"widget\" data-widget_type=\"text-editor.default\">\n\t\t\t\t\t\t\t\t\t<p>Resultados visibles en pocos d\u00edas.<\/p>\t\t\t\t\t\t\t\t<\/div>\n\t\t\t\t<div class=\"elementor-element elementor-element-b0edf10 elementor-widget elementor-widget-text-editor\" data-id=\"b0edf10\" data-element_type=\"widget\" data-widget_type=\"text-editor.default\">\n\t\t\t\t\t\t\t\t\t<p>Efecto duradero de 4 a 6 meses.<\/p>\t\t\t\t\t\t\t\t<\/div>\n\t\t\t\t<\/div>\n\t\t<div class=\"elementor-element elementor-element-1c6fb7d9 e-con-full e-flex e-con e-child\" data-id=\"1c6fb7d9\" data-element_type=\"container\" data-settings=\"{&quot;background_background&quot;:&quot;classic&quot;}\">\n\t\t\t\t<div class=\"elementor-element elementor-element-58a39691 elementor-widget elementor-widget-text-editor\" data-id=\"58a39691\" data-element_type=\"widget\" data-widget_type=\"text-editor.default\">\n\t\t\t\t\t\t\t\t\t<p>\u00bfQu\u00e9 es?<\/p>\t\t\t\t\t\t\t\t<\/div>\n\t\t\t\t<div class=\"elementor-element elementor-element-45fa9083 elementor-widget elementor-widget-text-editor\" data-id=\"45fa9083\" data-element_type=\"widget\" data-widget_type=\"text-editor.default\">\n\t\t\t\t\t\t\t\t\t<p>Los Neuromodulaodres son un tratamiento m\u00e9dico dise\u00f1ado para suavizar las arrugas de expresi\u00f3n y prevenir el envejecimiento din\u00e1mico, manteniendo un resultado natural y arm\u00f3nico.<\/p>\t\t\t\t\t\t\t\t<\/div>\n\t\t\t\t<\/div>\n\t\t<div class=\"elementor-element elementor-element-79fb01db e-con-full e-flex e-con e-child\" data-id=\"79fb01db\" data-element_type=\"container\" data-settings=\"{&quot;background_background&quot;:&quot;classic&quot;}\">\n\t\t\t\t<div class=\"elementor-element elementor-element-6d8ec61 elementor-widget elementor-widget-text-editor\" data-id=\"6d8ec61\" data-element_type=\"widget\" data-widget_type=\"text-editor.default\">\n\t\t\t\t\t\t\t\t\t<p>\u00bfEn que consiste?<\/p>\t\t\t\t\t\t\t\t<\/div>\n\t\t\t\t<div class=\"elementor-element elementor-element-28a0bc61 elementor-widget elementor-widget-text-editor\" data-id=\"28a0bc61\" data-element_type=\"widget\" data-widget_type=\"text-editor.default\">\n\t\t\t\t\t\t\t\t\t<p class=\"p1\">En Lezkairu utilizamos neuromoduladores de \u00faltima generaci\u00f3n para relajar los m\u00fasculos responsables de las arrugas sin alterar tu expresi\u00f3n.<\/p><p class=\"p1\">Nuestra filosof\u00eda es sencilla: no paralizamos, suavizamos. Queremos que sigas sonriendo, solo que con un rostro m\u00e1s fresco y descansado.<\/p><p class=\"p1\">Es un procedimiento m\u00e9dico seguro, r\u00e1pido y sin tiempo de recuperaci\u00f3n, ideal para quienes buscan rejuvenecer sin perder naturalidad.<\/p>\t\t\t\t\t\t\t\t<\/div>\n\t\t\t\t<div class=\"elementor-element elementor-element-1ce378f1 elementor-align-center elementor-widget elementor-widget-button\" data-id=\"1ce378f1\" data-element_type=\"widget\" data-widget_type=\"button.default\">\n\t\t\t\t\t\t\t\t\t\t<a class=\"elementor-button elementor-button-link elementor-size-sm\" href=\"https:\/\/intelligent-bhaskara.93-93-114-159.plesk.page\/index.php\/contacto-centro-estetico-lezkairu\/\">\n\t\t\t\t\t\t<span class=\"elementor-button-content-wrapper\">\n\t\t\t\t\t\t\t\t\t<span class=\"elementor-button-text\">Solicita tu sesi\u00f3n<\/span>\n\t\t\t\t\t<\/span>\n\t\t\t\t\t<\/a>\n\t\t\t\t\t\t\t\t<\/div>\n\t\t\t\t<\/div>\n\t\t<div class=\"elementor-element elementor-element-69553974 e-con-full e-flex e-con e-child\" data-id=\"69553974\" data-element_type=\"container\" data-settings=\"{&quot;background_background&quot;:&quot;classic&quot;}\">\n\t\t\t\t<div class=\"elementor-element elementor-element-27ff474d elementor-widget elementor-widget-image\" data-id=\"27ff474d\" data-element_type=\"widget\" data-widget_type=\"image.default\">\n\t\t\t\t\t\t\t\t\t\t\t\t\t\t\t<img fetchpriority=\"high\" decoding=\"async\" width=\"1125\" height=\"1125\" src=\"https:\/\/intelligent-bhaskara.93-93-114-159.plesk.page\/wp-content\/uploads\/2025\/10\/IMG_1939.jpeg\" class=\"attachment-full size-full wp-image-244\" alt=\"\" srcset=\"https:\/\/intelligent-bhaskara.93-93-114-159.plesk.page\/wp-content\/uploads\/2025\/10\/IMG_1939.jpeg 1125w, https:\/\/intelligent-bhaskara.93-93-114-159.plesk.page\/wp-content\/uploads\/2025\/10\/IMG_1939-300x300.jpeg 300w, https:\/\/intelligent-bhaskara.93-93-114-159.plesk.page\/wp-content\/uploads\/2025\/10\/IMG_1939-1024x1024.jpeg 1024w, https:\/\/intelligent-bhaskara.93-93-114-159.plesk.page\/wp-content\/uploads\/2025\/10\/IMG_1939-150x150.jpeg 150w, https:\/\/intelligent-bhaskara.93-93-114-159.plesk.page\/wp-content\/uploads\/2025\/10\/IMG_1939-768x768.jpeg 768w\" sizes=\"(max-width: 1125px) 100vw, 1125px\" \/>\t\t\t\t\t\t\t\t\t\t\t\t\t\t\t<\/div>\n\t\t\t\t<\/div>\n\t\t\t\t\t<\/div>\n\t\t\t\t<\/div>\n\t\t\t\t<\/div>\n\t\t","protected":false},"excerpt":{"rendered":"<p>NEUROMODULADORES EST\u00c9TICA FRENTE | ENTRECEJO | ZONA PERIOCULAR Suaviza l\u00edneas en frente, entrecejo y patas de gallo. Previene la formaci\u00f3n de nuevas arrugas. Resultados visibles en pocos d\u00edas. Efecto duradero de 4 a 6 meses. \u00bfQu\u00e9 es? Los Neuromodulaodres son un tratamiento m\u00e9dico dise\u00f1ado para suavizar las arrugas de expresi\u00f3n y prevenir el envejecimiento din\u00e1mico, [&hellip;]<\/p>\n","protected":false},"author":3,"featured_media":0,"parent":0,"menu_order":0,"comment_status":"closed","ping_status":"closed","template":"elementor_header_footer","meta":{"_joinchat":[],"footnotes":""},"class_list":["post-885","page","type-page","status-publish","hentry"],"yoast_head":"<!-- This site is optimized with the Yoast SEO plugin v27.0 - https:\/\/yoast.com\/product\/yoast-seo-wordpress\/ -->\n<title>NEUROMODULADORES - Centro Est\u00e9tico Lezkairu<\/title>\n<meta name=\"description\" content=\"Neuromoduladores Pamplona. Tratamiento m\u00e9dico para suavizar arrugas en frente y entrecejo sin paralizar tu expresi\u00f3n. Resultados naturales.\" \/>\n<meta name=\"robots\" content=\"index, follow, max-snippet:-1, max-image-preview:large, max-video-preview:-1\" \/>\n<link rel=\"canonical\" href=\"https:\/\/intelligent-bhaskara.93-93-114-159.plesk.page\/index.php\/neuromoduladores\/\" \/>\n<meta property=\"og:locale\" content=\"es_ES\" \/>\n<meta property=\"og:type\" content=\"article\" \/>\n<meta property=\"og:title\" content=\"NEUROMODULADORES - Centro Est\u00e9tico Lezkairu\" \/>\n<meta property=\"og:description\" content=\"Neuromoduladores Pamplona. Tratamiento m\u00e9dico para suavizar arrugas en frente y entrecejo sin paralizar tu expresi\u00f3n. Resultados naturales.\" \/>\n<meta property=\"og:url\" content=\"https:\/\/intelligent-bhaskara.93-93-114-159.plesk.page\/index.php\/neuromoduladores\/\" \/>\n<meta property=\"og:site_name\" content=\"Centro Est\u00e9tico Lezkairu\" \/>\n<meta property=\"article:modified_time\" content=\"2026-02-20T12:08:41+00:00\" \/>\n<meta property=\"og:image\" content=\"https:\/\/intelligent-bhaskara.93-93-114-159.plesk.page\/wp-content\/uploads\/2025\/10\/IMG_1939.jpeg\" \/>\n<meta name=\"twitter:card\" content=\"summary_large_image\" \/>\n<meta name=\"twitter:label1\" content=\"Tiempo de lectura\" \/>\n\t<meta name=\"twitter:data1\" content=\"1 minuto\" \/>\n<script type=\"application\/ld+json\" class=\"yoast-schema-graph\">{\"@context\":\"https:\/\/schema.org\",\"@graph\":[{\"@type\":\"WebPage\",\"@id\":\"https:\/\/intelligent-bhaskara.93-93-114-159.plesk.page\/index.php\/neuromoduladores\/\",\"url\":\"https:\/\/intelligent-bhaskara.93-93-114-159.plesk.page\/index.php\/neuromoduladores\/\",\"name\":\"NEUROMODULADORES - Centro Est\u00e9tico Lezkairu\",\"isPartOf\":{\"@id\":\"https:\/\/intelligent-bhaskara.93-93-114-159.plesk.page\/#website\"},\"primaryImageOfPage\":{\"@id\":\"https:\/\/intelligent-bhaskara.93-93-114-159.plesk.page\/index.php\/neuromoduladores\/#primaryimage\"},\"image\":{\"@id\":\"https:\/\/intelligent-bhaskara.93-93-114-159.plesk.page\/index.php\/neuromoduladores\/#primaryimage\"},\"thumbnailUrl\":\"https:\/\/intelligent-bhaskara.93-93-114-159.plesk.page\/wp-content\/uploads\/2025\/10\/IMG_1939.jpeg\",\"datePublished\":\"2025-11-11T12:14:39+00:00\",\"dateModified\":\"2026-02-20T12:08:41+00:00\",\"description\":\"Neuromoduladores Pamplona. Tratamiento m\u00e9dico para suavizar arrugas en frente y entrecejo sin paralizar tu expresi\u00f3n. Resultados naturales.\",\"breadcrumb\":{\"@id\":\"https:\/\/intelligent-bhaskara.93-93-114-159.plesk.page\/index.php\/neuromoduladores\/#breadcrumb\"},\"inLanguage\":\"es\",\"potentialAction\":[{\"@type\":\"ReadAction\",\"target\":[\"https:\/\/intelligent-bhaskara.93-93-114-159.plesk.page\/index.php\/neuromoduladores\/\"]}]},{\"@type\":\"ImageObject\",\"inLanguage\":\"es\",\"@id\":\"https:\/\/intelligent-bhaskara.93-93-114-159.plesk.page\/index.php\/neuromoduladores\/#primaryimage\",\"url\":\"https:\/\/intelligent-bhaskara.93-93-114-159.plesk.page\/wp-content\/uploads\/2025\/10\/IMG_1939.jpeg\",\"contentUrl\":\"https:\/\/intelligent-bhaskara.93-93-114-159.plesk.page\/wp-content\/uploads\/2025\/10\/IMG_1939.jpeg\",\"width\":1125,\"height\":1125},{\"@type\":\"BreadcrumbList\",\"@id\":\"https:\/\/intelligent-bhaskara.93-93-114-159.plesk.page\/index.php\/neuromoduladores\/#breadcrumb\",\"itemListElement\":[{\"@type\":\"ListItem\",\"position\":1,\"name\":\"Portada\",\"item\":\"https:\/\/intelligent-bhaskara.93-93-114-159.plesk.page\/\"},{\"@type\":\"ListItem\",\"position\":2,\"name\":\"NEUROMODULADORES\"}]},{\"@type\":\"WebSite\",\"@id\":\"https:\/\/intelligent-bhaskara.93-93-114-159.plesk.page\/#website\",\"url\":\"https:\/\/intelligent-bhaskara.93-93-114-159.plesk.page\/\",\"name\":\"Centro Est\u00e9tico Lezkairu\",\"description\":\"\",\"potentialAction\":[{\"@type\":\"SearchAction\",\"target\":{\"@type\":\"EntryPoint\",\"urlTemplate\":\"https:\/\/intelligent-bhaskara.93-93-114-159.plesk.page\/?s={search_term_string}\"},\"query-input\":{\"@type\":\"PropertyValueSpecification\",\"valueRequired\":true,\"valueName\":\"search_term_string\"}}],\"inLanguage\":\"es\"}]}<\/script>\n<!-- \/ Yoast SEO plugin. -->","yoast_head_json":{"title":"NEUROMODULADORES - Centro Est\u00e9tico Lezkairu","description":"Neuromoduladores Pamplona. Tratamiento m\u00e9dico para suavizar arrugas en frente y entrecejo sin paralizar tu expresi\u00f3n. Resultados naturales.","robots":{"index":"index","follow":"follow","max-snippet":"max-snippet:-1","max-image-preview":"max-image-preview:large","max-video-preview":"max-video-preview:-1"},"canonical":"https:\/\/intelligent-bhaskara.93-93-114-159.plesk.page\/index.php\/neuromoduladores\/","og_locale":"es_ES","og_type":"article","og_title":"NEUROMODULADORES - Centro Est\u00e9tico Lezkairu","og_description":"Neuromoduladores Pamplona. Tratamiento m\u00e9dico para suavizar arrugas en frente y entrecejo sin paralizar tu expresi\u00f3n. Resultados naturales.","og_url":"https:\/\/intelligent-bhaskara.93-93-114-159.plesk.page\/index.php\/neuromoduladores\/","og_site_name":"Centro Est\u00e9tico Lezkairu","article_modified_time":"2026-02-20T12:08:41+00:00","og_image":[{"url":"https:\/\/intelligent-bhaskara.93-93-114-159.plesk.page\/wp-content\/uploads\/2025\/10\/IMG_1939.jpeg","type":"","width":"","height":""}],"twitter_card":"summary_large_image","twitter_misc":{"Tiempo de lectura":"1 minuto"},"schema":{"@context":"https:\/\/schema.org","@graph":[{"@type":"WebPage","@id":"https:\/\/intelligent-bhaskara.93-93-114-159.plesk.page\/index.php\/neuromoduladores\/","url":"https:\/\/intelligent-bhaskara.93-93-114-159.plesk.page\/index.php\/neuromoduladores\/","name":"NEUROMODULADORES - Centro Est\u00e9tico Lezkairu","isPartOf":{"@id":"https:\/\/intelligent-bhaskara.93-93-114-159.plesk.page\/#website"},"primaryImageOfPage":{"@id":"https:\/\/intelligent-bhaskara.93-93-114-159.plesk.page\/index.php\/neuromoduladores\/#primaryimage"},"image":{"@id":"https:\/\/intelligent-bhaskara.93-93-114-159.plesk.page\/index.php\/neuromoduladores\/#primaryimage"},"thumbnailUrl":"https:\/\/intelligent-bhaskara.93-93-114-159.plesk.page\/wp-content\/uploads\/2025\/10\/IMG_1939.jpeg","datePublished":"2025-11-11T12:14:39+00:00","dateModified":"2026-02-20T12:08:41+00:00","description":"Neuromoduladores Pamplona. Tratamiento m\u00e9dico para suavizar arrugas en frente y entrecejo sin paralizar tu expresi\u00f3n. Resultados naturales.","breadcrumb":{"@id":"https:\/\/intelligent-bhaskara.93-93-114-159.plesk.page\/index.php\/neuromoduladores\/#breadcrumb"},"inLanguage":"es","potentialAction":[{"@type":"ReadAction","target":["https:\/\/intelligent-bhaskara.93-93-114-159.plesk.page\/index.php\/neuromoduladores\/"]}]},{"@type":"ImageObject","inLanguage":"es","@id":"https:\/\/intelligent-bhaskara.93-93-114-159.plesk.page\/index.php\/neuromoduladores\/#primaryimage","url":"https:\/\/intelligent-bhaskara.93-93-114-159.plesk.page\/wp-content\/uploads\/2025\/10\/IMG_1939.jpeg","contentUrl":"https:\/\/intelligent-bhaskara.93-93-114-159.plesk.page\/wp-content\/uploads\/2025\/10\/IMG_1939.jpeg","width":1125,"height":1125},{"@type":"BreadcrumbList","@id":"https:\/\/intelligent-bhaskara.93-93-114-159.plesk.page\/index.php\/neuromoduladores\/#breadcrumb","itemListElement":[{"@type":"ListItem","position":1,"name":"Portada","item":"https:\/\/intelligent-bhaskara.93-93-114-159.plesk.page\/"},{"@type":"ListItem","position":2,"name":"NEUROMODULADORES"}]},{"@type":"WebSite","@id":"https:\/\/intelligent-bhaskara.93-93-114-159.plesk.page\/#website","url":"https:\/\/intelligent-bhaskara.93-93-114-159.plesk.page\/","name":"Centro Est\u00e9tico Lezkairu","description":"","potentialAction":[{"@type":"SearchAction","target":{"@type":"EntryPoint","urlTemplate":"https:\/\/intelligent-bhaskara.93-93-114-159.plesk.page\/?s={search_term_string}"},"query-input":{"@type":"PropertyValueSpecification","valueRequired":true,"valueName":"search_term_string"}}],"inLanguage":"es"}]}},"_links":{"self":[{"href":"https:\/\/intelligent-bhaskara.93-93-114-159.plesk.page\/index.php\/wp-json\/wp\/v2\/pages\/885","targetHints":{"allow":["GET"]}}],"collection":[{"href":"https:\/\/intelligent-bhaskara.93-93-114-159.plesk.page\/index.php\/wp-json\/wp\/v2\/pages"}],"about":[{"href":"https:\/\/intelligent-bhaskara.93-93-114-159.plesk.page\/index.php\/wp-json\/wp\/v2\/types\/page"}],"author":[{"embeddable":true,"href":"https:\/\/intelligent-bhaskara.93-93-114-159.plesk.page\/index.php\/wp-json\/wp\/v2\/users\/3"}],"replies":[{"embeddable":true,"href":"https:\/\/intelligent-bhaskara.93-93-114-159.plesk.page\/index.php\/wp-json\/wp\/v2\/comments?post=885"}],"version-history":[{"count":11,"href":"https:\/\/intelligent-bhaskara.93-93-114-159.plesk.page\/index.php\/wp-json\/wp\/v2\/pages\/885\/revisions"}],"predecessor-version":[{"id":1388,"href":"https:\/\/intelligent-bhaskara.93-93-114-159.plesk.page\/index.php\/wp-json\/wp\/v2\/pages\/885\/revisions\/1388"}],"wp:attachment":[{"href":"https:\/\/intelligent-bhaskara.93-93-114-159.plesk.page\/index.php\/wp-json\/wp\/v2\/media?parent=885"}],"curies":[{"name":"wp","href":"https:\/\/api.w.org\/{rel}","templated":true}]}}