{"id":841,"date":"2025-11-11T09:27:53","date_gmt":"2025-11-11T09:27:53","guid":{"rendered":"https:\/\/intelligent-bhaskara.93-93-114-159.plesk.page\/?page_id=841"},"modified":"2026-02-20T08:18:56","modified_gmt":"2026-02-20T08:18:56","slug":"blefaroplastia-no-quirurgica","status":"publish","type":"page","link":"https:\/\/intelligent-bhaskara.93-93-114-159.plesk.page\/index.php\/blefaroplastia-no-quirurgica\/","title":{"rendered":"BLEFAROPLASTIA NO QUIR\u00daRGICA"},"content":{"rendered":"\t\t<div data-elementor-type=\"wp-page\" data-elementor-id=\"841\" class=\"elementor elementor-841\" data-elementor-post-type=\"page\">\n\t\t\t\t<div class=\"elementor-element elementor-element-9a4ff60 e-flex e-con-boxed e-con e-parent\" data-id=\"9a4ff60\" data-element_type=\"container\" data-settings=\"{&quot;background_background&quot;:&quot;classic&quot;}\">\n\t\t\t\t\t<div class=\"e-con-inner\">\n\t\t<div class=\"elementor-element elementor-element-631d295a e-con-full e-flex e-con e-child\" data-id=\"631d295a\" data-element_type=\"container\" data-settings=\"{&quot;background_background&quot;:&quot;classic&quot;}\">\n\t\t<div class=\"elementor-element elementor-element-36c2099e e-con-full e-flex e-con e-child\" data-id=\"36c2099e\" data-element_type=\"container\">\n\t\t\t\t<div class=\"elementor-element elementor-element-42e4f8fe elementor-widget elementor-widget-text-editor\" data-id=\"42e4f8fe\" data-element_type=\"widget\" data-widget_type=\"text-editor.default\">\n\t\t\t\t\t\t\t\t\t<p>BLEFAROPLASTIA NO QUIR\u00daRGICA<\/p>\t\t\t\t\t\t\t\t<\/div>\n\t\t\t\t<\/div>\n\t\t<div class=\"elementor-element elementor-element-65edd40c e-con-full e-flex e-con e-child\" data-id=\"65edd40c\" data-element_type=\"container\" data-settings=\"{&quot;background_background&quot;:&quot;classic&quot;}\">\n\t\t\t\t<div class=\"elementor-element elementor-element-735eda79 elementor-widget elementor-widget-text-editor\" data-id=\"735eda79\" data-element_type=\"widget\" data-widget_type=\"text-editor.default\">\n\t\t\t\t\t\t\t\t\t<p>EST\u00c9TICA<\/p>\t\t\t\t\t\t\t\t<\/div>\n\t\t\t\t<\/div>\n\t\t\t\t<\/div>\n\t\t\t\t\t<\/div>\n\t\t\t\t<\/div>\n\t\t<div class=\"elementor-element elementor-element-e481dce e-flex e-con-boxed e-con e-parent\" data-id=\"e481dce\" data-element_type=\"container\" data-settings=\"{&quot;background_background&quot;:&quot;classic&quot;}\">\n\t\t\t\t\t<div class=\"e-con-inner\">\n\t\t\t\t<div class=\"elementor-element elementor-element-138cc1ab elementor-invisible elementor-widget elementor-widget-text-editor\" data-id=\"138cc1ab\" data-element_type=\"widget\" data-settings=\"{&quot;_animation&quot;:&quot;fadeInLeft&quot;}\" data-widget_type=\"text-editor.default\">\n\t\t\t\t\t\t\t\t\t<p>PARPADO SUPERIOR\/INFERIOR | ZONA PERIOCULAR<\/p>\t\t\t\t\t\t\t\t<\/div>\n\t\t\t\t\t<\/div>\n\t\t\t\t<\/div>\n\t\t<div class=\"elementor-element elementor-element-665c9817 e-flex e-con-boxed e-con e-parent\" data-id=\"665c9817\" data-element_type=\"container\">\n\t\t\t\t\t<div class=\"e-con-inner\">\n\t\t<div class=\"elementor-element elementor-element-6aaed90b e-con-full e-flex e-con e-child\" data-id=\"6aaed90b\" data-element_type=\"container\" data-settings=\"{&quot;background_background&quot;:&quot;classic&quot;}\">\n\t\t\t\t<div class=\"elementor-element elementor-element-dc042f9 elementor-widget elementor-widget-text-editor\" data-id=\"dc042f9\" data-element_type=\"widget\" data-widget_type=\"text-editor.default\">\n\t\t\t\t\t\t\t\t\t<p>Reduce exceso de piel en p\u00e1rpados<\/p>\t\t\t\t\t\t\t\t<\/div>\n\t\t\t\t<div class=\"elementor-element elementor-element-2f77a2b7 elementor-widget elementor-widget-text-editor\" data-id=\"2f77a2b7\" data-element_type=\"widget\" data-widget_type=\"text-editor.default\">\n\t\t\t\t\t\t\t\t\t<p>Disminuye arrugas finas y flacidez<\/p>\t\t\t\t\t\t\t\t<\/div>\n\t\t\t\t<div class=\"elementor-element elementor-element-c19149a elementor-widget elementor-widget-text-editor\" data-id=\"c19149a\" data-element_type=\"widget\" data-widget_type=\"text-editor.default\">\n\t\t\t\t\t\t\t\t\t<p class=\"p1\">Eleva y abre la mirada<\/p>\t\t\t\t\t\t\t\t<\/div>\n\t\t\t\t<div class=\"elementor-element elementor-element-78b25fd1 elementor-widget elementor-widget-text-editor\" data-id=\"78b25fd1\" data-element_type=\"widget\" data-widget_type=\"text-editor.default\">\n\t\t\t\t\t\t\t\t\t<p>Sin cirug\u00eda, sin cicatrices y con m\u00ednima recuperaci\u00f3n<\/p>\t\t\t\t\t\t\t\t<\/div>\n\t\t\t\t<\/div>\n\t\t<div class=\"elementor-element elementor-element-133817f6 e-con-full e-flex e-con e-child\" data-id=\"133817f6\" data-element_type=\"container\" data-settings=\"{&quot;background_background&quot;:&quot;classic&quot;}\">\n\t\t\t\t<div class=\"elementor-element elementor-element-2bc7464f elementor-widget elementor-widget-text-editor\" data-id=\"2bc7464f\" data-element_type=\"widget\" data-widget_type=\"text-editor.default\">\n\t\t\t\t\t\t\t\t\t<p>\u00bfQu\u00e9 es?<\/p>\t\t\t\t\t\t\t\t<\/div>\n\t\t\t\t<div class=\"elementor-element elementor-element-28e096e2 elementor-widget elementor-widget-text-editor\" data-id=\"28e096e2\" data-element_type=\"widget\" data-widget_type=\"text-editor.default\">\n\t\t\t\t\t\t\t\t\t<p class=\"p1\">La blefaroplastia no quir\u00fargica mejora la apariencia de los p\u00e1rpados superiores e inferiores sin necesidad de cirug\u00eda.<\/p><p class=\"p1\">Reafirma la piel, suaviza arrugas y rejuvenece la mirada de forma progresiva y natural.<\/p>\t\t\t\t\t\t\t\t<\/div>\n\t\t\t\t<\/div>\n\t\t<div class=\"elementor-element elementor-element-1badde73 e-con-full e-flex e-con e-child\" data-id=\"1badde73\" data-element_type=\"container\" data-settings=\"{&quot;background_background&quot;:&quot;classic&quot;}\">\n\t\t\t\t<div class=\"elementor-element elementor-element-7a9817c8 elementor-widget elementor-widget-text-editor\" data-id=\"7a9817c8\" data-element_type=\"widget\" data-widget_type=\"text-editor.default\">\n\t\t\t\t\t\t\t\t\t<p>\u00bfEn que consiste?<\/p>\t\t\t\t\t\t\t\t<\/div>\n\t\t\t\t<div class=\"elementor-element elementor-element-1fb8af8e elementor-widget elementor-widget-text-editor\" data-id=\"1fb8af8e\" data-element_type=\"widget\" data-widget_type=\"text-editor.default\">\n\t\t\t\t\t\t\t\t\t<p class=\"p1\">Tras una evaluaci\u00f3n del contorno ocular, se aplica tecnolog\u00eda m\u00e9dico-est\u00e9tica espec\u00edfica&nbsp;para tensar la piel y estimular la producci\u00f3n de col\u00e1geno en la zona del p\u00e1rpado.<\/p>\n<p class=\"p1\">En <span class=\"s1\">Centro M\u00e9dico Est\u00e9tico Lezkairu<\/span>, seleccionamos la t\u00e9cnica m\u00e1s adecuada para cada paciente, garantizando un resultado natural, seguro y arm\u00f3nico, evitando el aspecto artificial o la sobrecorrecci\u00f3n.<\/p>\n<p class=\"p1\">El procedimiento suele durar entre <span class=\"s1\">20\u201330 minutos<\/span>, puede aparecer una ligera inflamaci\u00f3n temporal y los resultados mejoran progresivamente en las siguientes semanas.<\/p>\n<p class=\"p1\">Se recomiendan <span class=\"s1\">1 a 3 sesiones<\/span> seg\u00fan el grado de laxitud y la anatom\u00eda ocular, con un efecto duradero y una mirada visiblemente m\u00e1s fresca y elevada.<\/p>\t\t\t\t\t\t\t\t<\/div>\n\t\t\t\t<div class=\"elementor-element elementor-element-141ffbec elementor-align-center elementor-widget elementor-widget-button\" data-id=\"141ffbec\" data-element_type=\"widget\" data-widget_type=\"button.default\">\n\t\t\t\t\t\t\t\t\t\t<a class=\"elementor-button elementor-button-link elementor-size-sm\" href=\"https:\/\/intelligent-bhaskara.93-93-114-159.plesk.page\/index.php\/contacto-centro-estetico-lezkairu\/\">\n\t\t\t\t\t\t<span class=\"elementor-button-content-wrapper\">\n\t\t\t\t\t\t\t\t\t<span class=\"elementor-button-text\">Solicita tu sesi\u00f3n<\/span>\n\t\t\t\t\t<\/span>\n\t\t\t\t\t<\/a>\n\t\t\t\t\t\t\t\t<\/div>\n\t\t\t\t<\/div>\n\t\t<div class=\"elementor-element elementor-element-76db7988 e-con-full e-flex e-con e-child\" data-id=\"76db7988\" data-element_type=\"container\" data-settings=\"{&quot;background_background&quot;:&quot;classic&quot;}\">\n\t\t\t\t<div class=\"elementor-element elementor-element-a83b9f6 elementor-widget elementor-widget-image\" data-id=\"a83b9f6\" data-element_type=\"widget\" data-widget_type=\"image.default\">\n\t\t\t\t\t\t\t\t\t\t\t\t\t\t\t<img fetchpriority=\"high\" decoding=\"async\" width=\"500\" height=\"500\" src=\"https:\/\/intelligent-bhaskara.93-93-114-159.plesk.page\/wp-content\/uploads\/2025\/10\/Biferoplastia-no-quirurgica.jpg\" class=\"attachment-full size-full wp-image-387\" alt=\"\" srcset=\"https:\/\/intelligent-bhaskara.93-93-114-159.plesk.page\/wp-content\/uploads\/2025\/10\/Biferoplastia-no-quirurgica.jpg 500w, https:\/\/intelligent-bhaskara.93-93-114-159.plesk.page\/wp-content\/uploads\/2025\/10\/Biferoplastia-no-quirurgica-300x300.jpg 300w, https:\/\/intelligent-bhaskara.93-93-114-159.plesk.page\/wp-content\/uploads\/2025\/10\/Biferoplastia-no-quirurgica-150x150.jpg 150w\" sizes=\"(max-width: 500px) 100vw, 500px\" \/>\t\t\t\t\t\t\t\t\t\t\t\t\t\t\t<\/div>\n\t\t\t\t<\/div>\n\t\t\t\t\t<\/div>\n\t\t\t\t<\/div>\n\t\t\t\t<\/div>\n\t\t","protected":false},"excerpt":{"rendered":"<p>BLEFAROPLASTIA NO QUIR\u00daRGICA EST\u00c9TICA PARPADO SUPERIOR\/INFERIOR | ZONA PERIOCULAR Reduce exceso de piel en p\u00e1rpados Disminuye arrugas finas y flacidez Eleva y abre la mirada Sin cirug\u00eda, sin cicatrices y con m\u00ednima recuperaci\u00f3n \u00bfQu\u00e9 es? La blefaroplastia no quir\u00fargica mejora la apariencia de los p\u00e1rpados superiores e inferiores sin necesidad de cirug\u00eda. Reafirma la piel, [&hellip;]<\/p>\n","protected":false},"author":3,"featured_media":0,"parent":0,"menu_order":0,"comment_status":"closed","ping_status":"closed","template":"elementor_header_footer","meta":{"_joinchat":[],"footnotes":""},"class_list":["post-841","page","type-page","status-publish","hentry"],"yoast_head":"<!-- This site is optimized with the Yoast SEO plugin v27.0 - https:\/\/yoast.com\/product\/yoast-seo-wordpress\/ -->\n<title>BLEFAROPLASTIA NO QUIR\u00daRGICA - Centro Est\u00e9tico Lezkairu<\/title>\n<meta name=\"description\" content=\"Descubre la blefaroplastia no quir\u00fargica. Tecnolog\u00eda m\u00e9dica para tensar la piel del p\u00e1rpado y estimular col\u00e1geno sin cirug\u00eda ni cicatrices.\" \/>\n<meta name=\"robots\" content=\"index, follow, max-snippet:-1, max-image-preview:large, max-video-preview:-1\" \/>\n<link rel=\"canonical\" href=\"https:\/\/intelligent-bhaskara.93-93-114-159.plesk.page\/index.php\/blefaroplastia-no-quirurgica\/\" \/>\n<meta property=\"og:locale\" content=\"es_ES\" \/>\n<meta property=\"og:type\" content=\"article\" \/>\n<meta property=\"og:title\" content=\"BLEFAROPLASTIA NO QUIR\u00daRGICA - Centro Est\u00e9tico Lezkairu\" \/>\n<meta property=\"og:description\" content=\"Descubre la blefaroplastia no quir\u00fargica. Tecnolog\u00eda m\u00e9dica para tensar la piel del p\u00e1rpado y estimular col\u00e1geno sin cirug\u00eda ni cicatrices.\" \/>\n<meta property=\"og:url\" content=\"https:\/\/intelligent-bhaskara.93-93-114-159.plesk.page\/index.php\/blefaroplastia-no-quirurgica\/\" \/>\n<meta property=\"og:site_name\" content=\"Centro Est\u00e9tico Lezkairu\" \/>\n<meta property=\"article:modified_time\" content=\"2026-02-20T08:18:56+00:00\" \/>\n<meta property=\"og:image\" content=\"https:\/\/intelligent-bhaskara.93-93-114-159.plesk.page\/wp-content\/uploads\/2025\/10\/Biferoplastia-no-quirurgica.jpg\" \/>\n<meta name=\"twitter:card\" content=\"summary_large_image\" \/>\n<meta name=\"twitter:label1\" content=\"Tiempo de lectura\" \/>\n\t<meta name=\"twitter:data1\" content=\"1 minuto\" \/>\n<script type=\"application\/ld+json\" class=\"yoast-schema-graph\">{\"@context\":\"https:\/\/schema.org\",\"@graph\":[{\"@type\":\"WebPage\",\"@id\":\"https:\/\/intelligent-bhaskara.93-93-114-159.plesk.page\/index.php\/blefaroplastia-no-quirurgica\/\",\"url\":\"https:\/\/intelligent-bhaskara.93-93-114-159.plesk.page\/index.php\/blefaroplastia-no-quirurgica\/\",\"name\":\"BLEFAROPLASTIA NO QUIR\u00daRGICA - Centro Est\u00e9tico Lezkairu\",\"isPartOf\":{\"@id\":\"https:\/\/intelligent-bhaskara.93-93-114-159.plesk.page\/#website\"},\"primaryImageOfPage\":{\"@id\":\"https:\/\/intelligent-bhaskara.93-93-114-159.plesk.page\/index.php\/blefaroplastia-no-quirurgica\/#primaryimage\"},\"image\":{\"@id\":\"https:\/\/intelligent-bhaskara.93-93-114-159.plesk.page\/index.php\/blefaroplastia-no-quirurgica\/#primaryimage\"},\"thumbnailUrl\":\"https:\/\/intelligent-bhaskara.93-93-114-159.plesk.page\/wp-content\/uploads\/2025\/10\/Biferoplastia-no-quirurgica.jpg\",\"datePublished\":\"2025-11-11T09:27:53+00:00\",\"dateModified\":\"2026-02-20T08:18:56+00:00\",\"description\":\"Descubre la blefaroplastia no quir\u00fargica. Tecnolog\u00eda m\u00e9dica para tensar la piel del p\u00e1rpado y estimular col\u00e1geno sin cirug\u00eda ni cicatrices.\",\"breadcrumb\":{\"@id\":\"https:\/\/intelligent-bhaskara.93-93-114-159.plesk.page\/index.php\/blefaroplastia-no-quirurgica\/#breadcrumb\"},\"inLanguage\":\"es\",\"potentialAction\":[{\"@type\":\"ReadAction\",\"target\":[\"https:\/\/intelligent-bhaskara.93-93-114-159.plesk.page\/index.php\/blefaroplastia-no-quirurgica\/\"]}]},{\"@type\":\"ImageObject\",\"inLanguage\":\"es\",\"@id\":\"https:\/\/intelligent-bhaskara.93-93-114-159.plesk.page\/index.php\/blefaroplastia-no-quirurgica\/#primaryimage\",\"url\":\"https:\/\/intelligent-bhaskara.93-93-114-159.plesk.page\/wp-content\/uploads\/2025\/10\/Biferoplastia-no-quirurgica.jpg\",\"contentUrl\":\"https:\/\/intelligent-bhaskara.93-93-114-159.plesk.page\/wp-content\/uploads\/2025\/10\/Biferoplastia-no-quirurgica.jpg\",\"width\":500,\"height\":500},{\"@type\":\"BreadcrumbList\",\"@id\":\"https:\/\/intelligent-bhaskara.93-93-114-159.plesk.page\/index.php\/blefaroplastia-no-quirurgica\/#breadcrumb\",\"itemListElement\":[{\"@type\":\"ListItem\",\"position\":1,\"name\":\"Portada\",\"item\":\"https:\/\/intelligent-bhaskara.93-93-114-159.plesk.page\/\"},{\"@type\":\"ListItem\",\"position\":2,\"name\":\"BLEFAROPLASTIA NO QUIR\u00daRGICA\"}]},{\"@type\":\"WebSite\",\"@id\":\"https:\/\/intelligent-bhaskara.93-93-114-159.plesk.page\/#website\",\"url\":\"https:\/\/intelligent-bhaskara.93-93-114-159.plesk.page\/\",\"name\":\"Centro Est\u00e9tico Lezkairu\",\"description\":\"\",\"potentialAction\":[{\"@type\":\"SearchAction\",\"target\":{\"@type\":\"EntryPoint\",\"urlTemplate\":\"https:\/\/intelligent-bhaskara.93-93-114-159.plesk.page\/?s={search_term_string}\"},\"query-input\":{\"@type\":\"PropertyValueSpecification\",\"valueRequired\":true,\"valueName\":\"search_term_string\"}}],\"inLanguage\":\"es\"}]}<\/script>\n<!-- \/ Yoast SEO plugin. -->","yoast_head_json":{"title":"BLEFAROPLASTIA NO QUIR\u00daRGICA - Centro Est\u00e9tico Lezkairu","description":"Descubre la blefaroplastia no quir\u00fargica. Tecnolog\u00eda m\u00e9dica para tensar la piel del p\u00e1rpado y estimular col\u00e1geno sin cirug\u00eda ni cicatrices.","robots":{"index":"index","follow":"follow","max-snippet":"max-snippet:-1","max-image-preview":"max-image-preview:large","max-video-preview":"max-video-preview:-1"},"canonical":"https:\/\/intelligent-bhaskara.93-93-114-159.plesk.page\/index.php\/blefaroplastia-no-quirurgica\/","og_locale":"es_ES","og_type":"article","og_title":"BLEFAROPLASTIA NO QUIR\u00daRGICA - Centro Est\u00e9tico Lezkairu","og_description":"Descubre la blefaroplastia no quir\u00fargica. Tecnolog\u00eda m\u00e9dica para tensar la piel del p\u00e1rpado y estimular col\u00e1geno sin cirug\u00eda ni cicatrices.","og_url":"https:\/\/intelligent-bhaskara.93-93-114-159.plesk.page\/index.php\/blefaroplastia-no-quirurgica\/","og_site_name":"Centro Est\u00e9tico Lezkairu","article_modified_time":"2026-02-20T08:18:56+00:00","og_image":[{"url":"https:\/\/intelligent-bhaskara.93-93-114-159.plesk.page\/wp-content\/uploads\/2025\/10\/Biferoplastia-no-quirurgica.jpg","type":"","width":"","height":""}],"twitter_card":"summary_large_image","twitter_misc":{"Tiempo de lectura":"1 minuto"},"schema":{"@context":"https:\/\/schema.org","@graph":[{"@type":"WebPage","@id":"https:\/\/intelligent-bhaskara.93-93-114-159.plesk.page\/index.php\/blefaroplastia-no-quirurgica\/","url":"https:\/\/intelligent-bhaskara.93-93-114-159.plesk.page\/index.php\/blefaroplastia-no-quirurgica\/","name":"BLEFAROPLASTIA NO QUIR\u00daRGICA - Centro Est\u00e9tico Lezkairu","isPartOf":{"@id":"https:\/\/intelligent-bhaskara.93-93-114-159.plesk.page\/#website"},"primaryImageOfPage":{"@id":"https:\/\/intelligent-bhaskara.93-93-114-159.plesk.page\/index.php\/blefaroplastia-no-quirurgica\/#primaryimage"},"image":{"@id":"https:\/\/intelligent-bhaskara.93-93-114-159.plesk.page\/index.php\/blefaroplastia-no-quirurgica\/#primaryimage"},"thumbnailUrl":"https:\/\/intelligent-bhaskara.93-93-114-159.plesk.page\/wp-content\/uploads\/2025\/10\/Biferoplastia-no-quirurgica.jpg","datePublished":"2025-11-11T09:27:53+00:00","dateModified":"2026-02-20T08:18:56+00:00","description":"Descubre la blefaroplastia no quir\u00fargica. Tecnolog\u00eda m\u00e9dica para tensar la piel del p\u00e1rpado y estimular col\u00e1geno sin cirug\u00eda ni cicatrices.","breadcrumb":{"@id":"https:\/\/intelligent-bhaskara.93-93-114-159.plesk.page\/index.php\/blefaroplastia-no-quirurgica\/#breadcrumb"},"inLanguage":"es","potentialAction":[{"@type":"ReadAction","target":["https:\/\/intelligent-bhaskara.93-93-114-159.plesk.page\/index.php\/blefaroplastia-no-quirurgica\/"]}]},{"@type":"ImageObject","inLanguage":"es","@id":"https:\/\/intelligent-bhaskara.93-93-114-159.plesk.page\/index.php\/blefaroplastia-no-quirurgica\/#primaryimage","url":"https:\/\/intelligent-bhaskara.93-93-114-159.plesk.page\/wp-content\/uploads\/2025\/10\/Biferoplastia-no-quirurgica.jpg","contentUrl":"https:\/\/intelligent-bhaskara.93-93-114-159.plesk.page\/wp-content\/uploads\/2025\/10\/Biferoplastia-no-quirurgica.jpg","width":500,"height":500},{"@type":"BreadcrumbList","@id":"https:\/\/intelligent-bhaskara.93-93-114-159.plesk.page\/index.php\/blefaroplastia-no-quirurgica\/#breadcrumb","itemListElement":[{"@type":"ListItem","position":1,"name":"Portada","item":"https:\/\/intelligent-bhaskara.93-93-114-159.plesk.page\/"},{"@type":"ListItem","position":2,"name":"BLEFAROPLASTIA NO QUIR\u00daRGICA"}]},{"@type":"WebSite","@id":"https:\/\/intelligent-bhaskara.93-93-114-159.plesk.page\/#website","url":"https:\/\/intelligent-bhaskara.93-93-114-159.plesk.page\/","name":"Centro Est\u00e9tico Lezkairu","description":"","potentialAction":[{"@type":"SearchAction","target":{"@type":"EntryPoint","urlTemplate":"https:\/\/intelligent-bhaskara.93-93-114-159.plesk.page\/?s={search_term_string}"},"query-input":{"@type":"PropertyValueSpecification","valueRequired":true,"valueName":"search_term_string"}}],"inLanguage":"es"}]}},"_links":{"self":[{"href":"https:\/\/intelligent-bhaskara.93-93-114-159.plesk.page\/index.php\/wp-json\/wp\/v2\/pages\/841","targetHints":{"allow":["GET"]}}],"collection":[{"href":"https:\/\/intelligent-bhaskara.93-93-114-159.plesk.page\/index.php\/wp-json\/wp\/v2\/pages"}],"about":[{"href":"https:\/\/intelligent-bhaskara.93-93-114-159.plesk.page\/index.php\/wp-json\/wp\/v2\/types\/page"}],"author":[{"embeddable":true,"href":"https:\/\/intelligent-bhaskara.93-93-114-159.plesk.page\/index.php\/wp-json\/wp\/v2\/users\/3"}],"replies":[{"embeddable":true,"href":"https:\/\/intelligent-bhaskara.93-93-114-159.plesk.page\/index.php\/wp-json\/wp\/v2\/comments?post=841"}],"version-history":[{"count":16,"href":"https:\/\/intelligent-bhaskara.93-93-114-159.plesk.page\/index.php\/wp-json\/wp\/v2\/pages\/841\/revisions"}],"predecessor-version":[{"id":1346,"href":"https:\/\/intelligent-bhaskara.93-93-114-159.plesk.page\/index.php\/wp-json\/wp\/v2\/pages\/841\/revisions\/1346"}],"wp:attachment":[{"href":"https:\/\/intelligent-bhaskara.93-93-114-159.plesk.page\/index.php\/wp-json\/wp\/v2\/media?parent=841"}],"curies":[{"name":"wp","href":"https:\/\/api.w.org\/{rel}","templated":true}]}}