{"id":835,"date":"2025-11-11T09:20:30","date_gmt":"2025-11-11T09:20:30","guid":{"rendered":"https:\/\/intelligent-bhaskara.93-93-114-159.plesk.page\/?page_id=835"},"modified":"2026-02-20T12:39:20","modified_gmt":"2026-02-20T12:39:20","slug":"radiofrecuencia-facial-y-corporal-2","status":"publish","type":"page","link":"https:\/\/intelligent-bhaskara.93-93-114-159.plesk.page\/index.php\/radiofrecuencia-facial-y-corporal-2\/","title":{"rendered":"RADIOFRECUENCIA FACIAL Y CORPORAL"},"content":{"rendered":"\t\t<div data-elementor-type=\"wp-page\" data-elementor-id=\"835\" class=\"elementor elementor-835\" data-elementor-post-type=\"page\">\n\t\t\t\t<div class=\"elementor-element elementor-element-268b92c3 e-flex e-con-boxed e-con e-parent\" data-id=\"268b92c3\" data-element_type=\"container\" data-settings=\"{&quot;background_background&quot;:&quot;classic&quot;}\">\n\t\t\t\t\t<div class=\"e-con-inner\">\n\t\t<div class=\"elementor-element elementor-element-3ae0116c e-con-full e-flex e-con e-child\" data-id=\"3ae0116c\" data-element_type=\"container\" data-settings=\"{&quot;background_background&quot;:&quot;classic&quot;}\">\n\t\t<div class=\"elementor-element elementor-element-6b1a1967 e-con-full e-flex e-con e-child\" data-id=\"6b1a1967\" data-element_type=\"container\">\n\t\t\t\t<div class=\"elementor-element elementor-element-328c5715 elementor-widget elementor-widget-text-editor\" data-id=\"328c5715\" data-element_type=\"widget\" data-widget_type=\"text-editor.default\">\n\t\t\t\t\t\t\t\t\t<p>RADIOFRECUENCIA FACIAL Y CORPORAL<\/p>\t\t\t\t\t\t\t\t<\/div>\n\t\t\t\t<\/div>\n\t\t<div class=\"elementor-element elementor-element-331c7304 e-con-full e-flex e-con e-child\" data-id=\"331c7304\" data-element_type=\"container\" data-settings=\"{&quot;background_background&quot;:&quot;classic&quot;}\">\n\t\t\t\t<div class=\"elementor-element elementor-element-77c049b9 elementor-widget elementor-widget-text-editor\" data-id=\"77c049b9\" data-element_type=\"widget\" data-widget_type=\"text-editor.default\">\n\t\t\t\t\t\t\t\t\t<p>AVANZADA<\/p>\t\t\t\t\t\t\t\t<\/div>\n\t\t\t\t<\/div>\n\t\t\t\t<\/div>\n\t\t\t\t\t<\/div>\n\t\t\t\t<\/div>\n\t\t<div class=\"elementor-element elementor-element-45811e3 e-flex e-con-boxed e-con e-parent\" data-id=\"45811e3\" data-element_type=\"container\" data-settings=\"{&quot;background_background&quot;:&quot;classic&quot;}\">\n\t\t\t\t\t<div class=\"e-con-inner\">\n\t\t\t\t<div class=\"elementor-element elementor-element-6645ed49 elementor-invisible elementor-widget elementor-widget-text-editor\" data-id=\"6645ed49\" data-element_type=\"widget\" data-settings=\"{&quot;_animation&quot;:&quot;fadeInLeft&quot;}\" data-widget_type=\"text-editor.default\">\n\t\t\t\t\t\t\t\t\t<p>ROSTRO | ABDOMEN | GL\u00daTEO<\/p>\t\t\t\t\t\t\t\t<\/div>\n\t\t\t\t\t<\/div>\n\t\t\t\t<\/div>\n\t\t<div class=\"elementor-element elementor-element-50ef8525 e-flex e-con-boxed e-con e-parent\" data-id=\"50ef8525\" data-element_type=\"container\">\n\t\t\t\t\t<div class=\"e-con-inner\">\n\t\t<div class=\"elementor-element elementor-element-799639c1 e-con-full e-flex e-con e-child\" data-id=\"799639c1\" data-element_type=\"container\" data-settings=\"{&quot;background_background&quot;:&quot;classic&quot;}\">\n\t\t\t\t<div class=\"elementor-element elementor-element-21339e81 elementor-widget elementor-widget-text-editor\" data-id=\"21339e81\" data-element_type=\"widget\" data-widget_type=\"text-editor.default\">\n\t\t\t\t\t\t\t\t\t<p>Mejora firmeza y elasticidad de la piel<\/p>\t\t\t\t\t\t\t\t<\/div>\n\t\t\t\t<div class=\"elementor-element elementor-element-5f778ad6 elementor-widget elementor-widget-text-editor\" data-id=\"5f778ad6\" data-element_type=\"widget\" data-widget_type=\"text-editor.default\">\n\t\t\t\t\t\t\t\t\t<p>Estimula col\u00e1geno y elastina<\/p>\t\t\t\t\t\t\t\t<\/div>\n\t\t\t\t<div class=\"elementor-element elementor-element-550a95a3 elementor-widget elementor-widget-text-editor\" data-id=\"550a95a3\" data-element_type=\"widget\" data-widget_type=\"text-editor.default\">\n\t\t\t\t\t\t\t\t\t<p>Efecto lifting progresivo sin cirug\u00eda<\/p>\t\t\t\t\t\t\t\t<\/div>\n\t\t\t\t<div class=\"elementor-element elementor-element-7bfbfa19 elementor-widget elementor-widget-text-editor\" data-id=\"7bfbfa19\" data-element_type=\"widget\" data-widget_type=\"text-editor.default\">\n\t\t\t\t\t\t\t\t\t<p>Remodela y mejora la textura corporal<\/p>\t\t\t\t\t\t\t\t<\/div>\n\t\t\t\t<\/div>\n\t\t<div class=\"elementor-element elementor-element-106b8a10 e-con-full e-flex e-con e-child\" data-id=\"106b8a10\" data-element_type=\"container\" data-settings=\"{&quot;background_background&quot;:&quot;classic&quot;}\">\n\t\t\t\t<div class=\"elementor-element elementor-element-6959669 elementor-widget elementor-widget-text-editor\" data-id=\"6959669\" data-element_type=\"widget\" data-widget_type=\"text-editor.default\">\n\t\t\t\t\t\t\t\t\t<p>\u00bfQu\u00e9 es?<\/p>\t\t\t\t\t\t\t\t<\/div>\n\t\t\t\t<div class=\"elementor-element elementor-element-3e794ed8 elementor-widget elementor-widget-text-editor\" data-id=\"3e794ed8\" data-element_type=\"widget\" data-widget_type=\"text-editor.default\">\n\t\t\t\t\t\t\t\t\t<p class=\"p1\">La radiofrecuencia es un tratamiento que utiliza energ\u00eda t\u00e9rmica para estimular la producci\u00f3n natural de col\u00e1geno y elastina.<\/p><p class=\"p1\">Redensifica la piel, mejora su firmeza y ayuda a redefinir contornos faciales y corporales.<\/p>\t\t\t\t\t\t\t\t<\/div>\n\t\t\t\t<\/div>\n\t\t<div class=\"elementor-element elementor-element-33ea3e0e e-con-full e-flex e-con e-child\" data-id=\"33ea3e0e\" data-element_type=\"container\" data-settings=\"{&quot;background_background&quot;:&quot;classic&quot;}\">\n\t\t\t\t<div class=\"elementor-element elementor-element-34bce462 elementor-widget elementor-widget-text-editor\" data-id=\"34bce462\" data-element_type=\"widget\" data-widget_type=\"text-editor.default\">\n\t\t\t\t\t\t\t\t\t<p>\u00bfEn que consiste?<\/p>\t\t\t\t\t\t\t\t<\/div>\n\t\t\t\t<div class=\"elementor-element elementor-element-5576f28f elementor-widget elementor-widget-text-editor\" data-id=\"5576f28f\" data-element_type=\"widget\" data-widget_type=\"text-editor.default\">\n\t\t\t\t\t\t\t\t\t<p>Tras una valoraci\u00f3n personalizada, aplicamos energ\u00eda de radiofrecuencia sobre la piel para generar un calentamiento controlado en las capas profundas del tejido, favoreciendo la renovaci\u00f3n y el tensado cut\u00e1neo.<br \/>En Centro M\u00e9dico Est\u00e9tico Lezkairu trabajamos con tecnolog\u00eda m\u00e9dica de alta precisi\u00f3n, ajustando par\u00e1metros seg\u00fan cada zona y necesidad para lograr resultados visibles sin molestias ni tiempo de recuperaci\u00f3n.<br \/>Las sesiones duran entre 30\u201360 minutos seg\u00fan la zona, ofrecen un efecto tensor inmediato y mejoran progresivamente en las semanas siguientes gracias al aumento de col\u00e1geno.<br \/>Ideal como tratamiento reafirmante progresivo o como mantenimiento global para pieles que buscan firmeza, definici\u00f3n y textura mejorada tanto en rostro como en cuerpo.<\/p>\t\t\t\t\t\t\t\t<\/div>\n\t\t\t\t<div class=\"elementor-element elementor-element-6ee5773d elementor-align-center elementor-widget elementor-widget-button\" data-id=\"6ee5773d\" data-element_type=\"widget\" data-widget_type=\"button.default\">\n\t\t\t\t\t\t\t\t\t\t<a class=\"elementor-button elementor-button-link elementor-size-sm\" href=\"https:\/\/intelligent-bhaskara.93-93-114-159.plesk.page\/index.php\/contacto-centro-estetico-lezkairu\/\">\n\t\t\t\t\t\t<span class=\"elementor-button-content-wrapper\">\n\t\t\t\t\t\t\t\t\t<span class=\"elementor-button-text\">Solicita tu sesi\u00f3n<\/span>\n\t\t\t\t\t<\/span>\n\t\t\t\t\t<\/a>\n\t\t\t\t\t\t\t\t<\/div>\n\t\t\t\t<\/div>\n\t\t<div class=\"elementor-element elementor-element-73746061 e-con-full e-flex e-con e-child\" data-id=\"73746061\" data-element_type=\"container\" data-settings=\"{&quot;background_background&quot;:&quot;classic&quot;}\">\n\t\t\t\t<div class=\"elementor-element elementor-element-15119623 elementor-widget elementor-widget-image\" data-id=\"15119623\" data-element_type=\"widget\" data-widget_type=\"image.default\">\n\t\t\t\t\t\t\t\t\t\t\t\t\t\t\t<img fetchpriority=\"high\" decoding=\"async\" width=\"500\" height=\"500\" src=\"https:\/\/intelligent-bhaskara.93-93-114-159.plesk.page\/wp-content\/uploads\/2025\/10\/Radiofrecuencia-facial-y-coorporal.jpg\" class=\"attachment-full size-full wp-image-494\" alt=\"\" srcset=\"https:\/\/intelligent-bhaskara.93-93-114-159.plesk.page\/wp-content\/uploads\/2025\/10\/Radiofrecuencia-facial-y-coorporal.jpg 500w, https:\/\/intelligent-bhaskara.93-93-114-159.plesk.page\/wp-content\/uploads\/2025\/10\/Radiofrecuencia-facial-y-coorporal-300x300.jpg 300w, https:\/\/intelligent-bhaskara.93-93-114-159.plesk.page\/wp-content\/uploads\/2025\/10\/Radiofrecuencia-facial-y-coorporal-150x150.jpg 150w\" sizes=\"(max-width: 500px) 100vw, 500px\" \/>\t\t\t\t\t\t\t\t\t\t\t\t\t\t\t<\/div>\n\t\t\t\t<\/div>\n\t\t\t\t\t<\/div>\n\t\t\t\t<\/div>\n\t\t\t\t<\/div>\n\t\t","protected":false},"excerpt":{"rendered":"<p>RADIOFRECUENCIA FACIAL Y CORPORAL AVANZADA ROSTRO | ABDOMEN | GL\u00daTEO Mejora firmeza y elasticidad de la piel Estimula col\u00e1geno y elastina Efecto lifting progresivo sin cirug\u00eda Remodela y mejora la textura corporal \u00bfQu\u00e9 es? La radiofrecuencia es un tratamiento que utiliza energ\u00eda t\u00e9rmica para estimular la producci\u00f3n natural de col\u00e1geno y elastina. Redensifica la piel, [&hellip;]<\/p>\n","protected":false},"author":3,"featured_media":0,"parent":0,"menu_order":0,"comment_status":"closed","ping_status":"closed","template":"elementor_header_footer","meta":{"_joinchat":[],"footnotes":""},"class_list":["post-835","page","type-page","status-publish","hentry"],"yoast_head":"<!-- This site is optimized with the Yoast SEO plugin v27.0 - https:\/\/yoast.com\/product\/yoast-seo-wordpress\/ -->\n<title>RADIOFRECUENCIA FACIAL Y CORPORAL - Centro Est\u00e9tico Lezkairu<\/title>\n<meta name=\"description\" content=\"Radiofrecuencia facial y corporal Pamplona. Tratamiento con energ\u00eda t\u00e9rmica para estimular col\u00e1geno, reafirmar tu piel y lograr un efecto lifting.\" \/>\n<meta name=\"robots\" content=\"index, follow, max-snippet:-1, max-image-preview:large, max-video-preview:-1\" \/>\n<link rel=\"canonical\" href=\"https:\/\/intelligent-bhaskara.93-93-114-159.plesk.page\/index.php\/radiofrecuencia-facial-y-corporal-2\/\" \/>\n<meta property=\"og:locale\" content=\"es_ES\" \/>\n<meta property=\"og:type\" content=\"article\" \/>\n<meta property=\"og:title\" content=\"RADIOFRECUENCIA FACIAL Y CORPORAL - Centro Est\u00e9tico Lezkairu\" \/>\n<meta property=\"og:description\" content=\"Radiofrecuencia facial y corporal Pamplona. Tratamiento con energ\u00eda t\u00e9rmica para estimular col\u00e1geno, reafirmar tu piel y lograr un efecto lifting.\" \/>\n<meta property=\"og:url\" content=\"https:\/\/intelligent-bhaskara.93-93-114-159.plesk.page\/index.php\/radiofrecuencia-facial-y-corporal-2\/\" \/>\n<meta property=\"og:site_name\" content=\"Centro Est\u00e9tico Lezkairu\" \/>\n<meta property=\"article:modified_time\" content=\"2026-02-20T12:39:20+00:00\" \/>\n<meta property=\"og:image\" content=\"https:\/\/intelligent-bhaskara.93-93-114-159.plesk.page\/wp-content\/uploads\/2025\/10\/Radiofrecuencia-facial-y-coorporal.jpg\" \/>\n<meta name=\"twitter:card\" content=\"summary_large_image\" \/>\n<meta name=\"twitter:label1\" content=\"Tiempo de lectura\" \/>\n\t<meta name=\"twitter:data1\" content=\"2 minutos\" \/>\n<script type=\"application\/ld+json\" class=\"yoast-schema-graph\">{\"@context\":\"https:\/\/schema.org\",\"@graph\":[{\"@type\":\"WebPage\",\"@id\":\"https:\/\/intelligent-bhaskara.93-93-114-159.plesk.page\/index.php\/radiofrecuencia-facial-y-corporal-2\/\",\"url\":\"https:\/\/intelligent-bhaskara.93-93-114-159.plesk.page\/index.php\/radiofrecuencia-facial-y-corporal-2\/\",\"name\":\"RADIOFRECUENCIA FACIAL Y CORPORAL - Centro Est\u00e9tico Lezkairu\",\"isPartOf\":{\"@id\":\"https:\/\/intelligent-bhaskara.93-93-114-159.plesk.page\/#website\"},\"primaryImageOfPage\":{\"@id\":\"https:\/\/intelligent-bhaskara.93-93-114-159.plesk.page\/index.php\/radiofrecuencia-facial-y-corporal-2\/#primaryimage\"},\"image\":{\"@id\":\"https:\/\/intelligent-bhaskara.93-93-114-159.plesk.page\/index.php\/radiofrecuencia-facial-y-corporal-2\/#primaryimage\"},\"thumbnailUrl\":\"https:\/\/intelligent-bhaskara.93-93-114-159.plesk.page\/wp-content\/uploads\/2025\/10\/Radiofrecuencia-facial-y-coorporal.jpg\",\"datePublished\":\"2025-11-11T09:20:30+00:00\",\"dateModified\":\"2026-02-20T12:39:20+00:00\",\"description\":\"Radiofrecuencia facial y corporal Pamplona. Tratamiento con energ\u00eda t\u00e9rmica para estimular col\u00e1geno, reafirmar tu piel y lograr un efecto lifting.\",\"breadcrumb\":{\"@id\":\"https:\/\/intelligent-bhaskara.93-93-114-159.plesk.page\/index.php\/radiofrecuencia-facial-y-corporal-2\/#breadcrumb\"},\"inLanguage\":\"es\",\"potentialAction\":[{\"@type\":\"ReadAction\",\"target\":[\"https:\/\/intelligent-bhaskara.93-93-114-159.plesk.page\/index.php\/radiofrecuencia-facial-y-corporal-2\/\"]}]},{\"@type\":\"ImageObject\",\"inLanguage\":\"es\",\"@id\":\"https:\/\/intelligent-bhaskara.93-93-114-159.plesk.page\/index.php\/radiofrecuencia-facial-y-corporal-2\/#primaryimage\",\"url\":\"https:\/\/intelligent-bhaskara.93-93-114-159.plesk.page\/wp-content\/uploads\/2025\/10\/Radiofrecuencia-facial-y-coorporal.jpg\",\"contentUrl\":\"https:\/\/intelligent-bhaskara.93-93-114-159.plesk.page\/wp-content\/uploads\/2025\/10\/Radiofrecuencia-facial-y-coorporal.jpg\",\"width\":500,\"height\":500},{\"@type\":\"BreadcrumbList\",\"@id\":\"https:\/\/intelligent-bhaskara.93-93-114-159.plesk.page\/index.php\/radiofrecuencia-facial-y-corporal-2\/#breadcrumb\",\"itemListElement\":[{\"@type\":\"ListItem\",\"position\":1,\"name\":\"Portada\",\"item\":\"https:\/\/intelligent-bhaskara.93-93-114-159.plesk.page\/\"},{\"@type\":\"ListItem\",\"position\":2,\"name\":\"RADIOFRECUENCIA FACIAL Y CORPORAL\"}]},{\"@type\":\"WebSite\",\"@id\":\"https:\/\/intelligent-bhaskara.93-93-114-159.plesk.page\/#website\",\"url\":\"https:\/\/intelligent-bhaskara.93-93-114-159.plesk.page\/\",\"name\":\"Centro Est\u00e9tico Lezkairu\",\"description\":\"\",\"potentialAction\":[{\"@type\":\"SearchAction\",\"target\":{\"@type\":\"EntryPoint\",\"urlTemplate\":\"https:\/\/intelligent-bhaskara.93-93-114-159.plesk.page\/?s={search_term_string}\"},\"query-input\":{\"@type\":\"PropertyValueSpecification\",\"valueRequired\":true,\"valueName\":\"search_term_string\"}}],\"inLanguage\":\"es\"}]}<\/script>\n<!-- \/ Yoast SEO plugin. -->","yoast_head_json":{"title":"RADIOFRECUENCIA FACIAL Y CORPORAL - Centro Est\u00e9tico Lezkairu","description":"Radiofrecuencia facial y corporal Pamplona. Tratamiento con energ\u00eda t\u00e9rmica para estimular col\u00e1geno, reafirmar tu piel y lograr un efecto lifting.","robots":{"index":"index","follow":"follow","max-snippet":"max-snippet:-1","max-image-preview":"max-image-preview:large","max-video-preview":"max-video-preview:-1"},"canonical":"https:\/\/intelligent-bhaskara.93-93-114-159.plesk.page\/index.php\/radiofrecuencia-facial-y-corporal-2\/","og_locale":"es_ES","og_type":"article","og_title":"RADIOFRECUENCIA FACIAL Y CORPORAL - Centro Est\u00e9tico Lezkairu","og_description":"Radiofrecuencia facial y corporal Pamplona. Tratamiento con energ\u00eda t\u00e9rmica para estimular col\u00e1geno, reafirmar tu piel y lograr un efecto lifting.","og_url":"https:\/\/intelligent-bhaskara.93-93-114-159.plesk.page\/index.php\/radiofrecuencia-facial-y-corporal-2\/","og_site_name":"Centro Est\u00e9tico Lezkairu","article_modified_time":"2026-02-20T12:39:20+00:00","og_image":[{"url":"https:\/\/intelligent-bhaskara.93-93-114-159.plesk.page\/wp-content\/uploads\/2025\/10\/Radiofrecuencia-facial-y-coorporal.jpg","type":"","width":"","height":""}],"twitter_card":"summary_large_image","twitter_misc":{"Tiempo de lectura":"2 minutos"},"schema":{"@context":"https:\/\/schema.org","@graph":[{"@type":"WebPage","@id":"https:\/\/intelligent-bhaskara.93-93-114-159.plesk.page\/index.php\/radiofrecuencia-facial-y-corporal-2\/","url":"https:\/\/intelligent-bhaskara.93-93-114-159.plesk.page\/index.php\/radiofrecuencia-facial-y-corporal-2\/","name":"RADIOFRECUENCIA FACIAL Y CORPORAL - Centro Est\u00e9tico Lezkairu","isPartOf":{"@id":"https:\/\/intelligent-bhaskara.93-93-114-159.plesk.page\/#website"},"primaryImageOfPage":{"@id":"https:\/\/intelligent-bhaskara.93-93-114-159.plesk.page\/index.php\/radiofrecuencia-facial-y-corporal-2\/#primaryimage"},"image":{"@id":"https:\/\/intelligent-bhaskara.93-93-114-159.plesk.page\/index.php\/radiofrecuencia-facial-y-corporal-2\/#primaryimage"},"thumbnailUrl":"https:\/\/intelligent-bhaskara.93-93-114-159.plesk.page\/wp-content\/uploads\/2025\/10\/Radiofrecuencia-facial-y-coorporal.jpg","datePublished":"2025-11-11T09:20:30+00:00","dateModified":"2026-02-20T12:39:20+00:00","description":"Radiofrecuencia facial y corporal Pamplona. Tratamiento con energ\u00eda t\u00e9rmica para estimular col\u00e1geno, reafirmar tu piel y lograr un efecto lifting.","breadcrumb":{"@id":"https:\/\/intelligent-bhaskara.93-93-114-159.plesk.page\/index.php\/radiofrecuencia-facial-y-corporal-2\/#breadcrumb"},"inLanguage":"es","potentialAction":[{"@type":"ReadAction","target":["https:\/\/intelligent-bhaskara.93-93-114-159.plesk.page\/index.php\/radiofrecuencia-facial-y-corporal-2\/"]}]},{"@type":"ImageObject","inLanguage":"es","@id":"https:\/\/intelligent-bhaskara.93-93-114-159.plesk.page\/index.php\/radiofrecuencia-facial-y-corporal-2\/#primaryimage","url":"https:\/\/intelligent-bhaskara.93-93-114-159.plesk.page\/wp-content\/uploads\/2025\/10\/Radiofrecuencia-facial-y-coorporal.jpg","contentUrl":"https:\/\/intelligent-bhaskara.93-93-114-159.plesk.page\/wp-content\/uploads\/2025\/10\/Radiofrecuencia-facial-y-coorporal.jpg","width":500,"height":500},{"@type":"BreadcrumbList","@id":"https:\/\/intelligent-bhaskara.93-93-114-159.plesk.page\/index.php\/radiofrecuencia-facial-y-corporal-2\/#breadcrumb","itemListElement":[{"@type":"ListItem","position":1,"name":"Portada","item":"https:\/\/intelligent-bhaskara.93-93-114-159.plesk.page\/"},{"@type":"ListItem","position":2,"name":"RADIOFRECUENCIA FACIAL Y CORPORAL"}]},{"@type":"WebSite","@id":"https:\/\/intelligent-bhaskara.93-93-114-159.plesk.page\/#website","url":"https:\/\/intelligent-bhaskara.93-93-114-159.plesk.page\/","name":"Centro Est\u00e9tico Lezkairu","description":"","potentialAction":[{"@type":"SearchAction","target":{"@type":"EntryPoint","urlTemplate":"https:\/\/intelligent-bhaskara.93-93-114-159.plesk.page\/?s={search_term_string}"},"query-input":{"@type":"PropertyValueSpecification","valueRequired":true,"valueName":"search_term_string"}}],"inLanguage":"es"}]}},"_links":{"self":[{"href":"https:\/\/intelligent-bhaskara.93-93-114-159.plesk.page\/index.php\/wp-json\/wp\/v2\/pages\/835","targetHints":{"allow":["GET"]}}],"collection":[{"href":"https:\/\/intelligent-bhaskara.93-93-114-159.plesk.page\/index.php\/wp-json\/wp\/v2\/pages"}],"about":[{"href":"https:\/\/intelligent-bhaskara.93-93-114-159.plesk.page\/index.php\/wp-json\/wp\/v2\/types\/page"}],"author":[{"embeddable":true,"href":"https:\/\/intelligent-bhaskara.93-93-114-159.plesk.page\/index.php\/wp-json\/wp\/v2\/users\/3"}],"replies":[{"embeddable":true,"href":"https:\/\/intelligent-bhaskara.93-93-114-159.plesk.page\/index.php\/wp-json\/wp\/v2\/comments?post=835"}],"version-history":[{"count":7,"href":"https:\/\/intelligent-bhaskara.93-93-114-159.plesk.page\/index.php\/wp-json\/wp\/v2\/pages\/835\/revisions"}],"predecessor-version":[{"id":1314,"href":"https:\/\/intelligent-bhaskara.93-93-114-159.plesk.page\/index.php\/wp-json\/wp\/v2\/pages\/835\/revisions\/1314"}],"wp:attachment":[{"href":"https:\/\/intelligent-bhaskara.93-93-114-159.plesk.page\/index.php\/wp-json\/wp\/v2\/media?parent=835"}],"curies":[{"name":"wp","href":"https:\/\/api.w.org\/{rel}","templated":true}]}}