{"id":829,"date":"2025-11-11T09:15:31","date_gmt":"2025-11-11T09:15:31","guid":{"rendered":"https:\/\/intelligent-bhaskara.93-93-114-159.plesk.page\/?page_id=829"},"modified":"2026-02-20T12:31:55","modified_gmt":"2026-02-20T12:31:55","slug":"prp-capilar-2","status":"publish","type":"page","link":"https:\/\/intelligent-bhaskara.93-93-114-159.plesk.page\/index.php\/prp-capilar-2\/","title":{"rendered":"PRP CAPILAR"},"content":{"rendered":"\t\t<div data-elementor-type=\"wp-page\" data-elementor-id=\"829\" class=\"elementor elementor-829\" data-elementor-post-type=\"page\">\n\t\t\t\t<div class=\"elementor-element elementor-element-7be75886 e-flex e-con-boxed e-con e-parent\" data-id=\"7be75886\" data-element_type=\"container\" data-settings=\"{&quot;background_background&quot;:&quot;classic&quot;}\">\n\t\t\t\t\t<div class=\"e-con-inner\">\n\t\t<div class=\"elementor-element elementor-element-6f3de910 e-con-full e-flex e-con e-child\" data-id=\"6f3de910\" data-element_type=\"container\" data-settings=\"{&quot;background_background&quot;:&quot;classic&quot;}\">\n\t\t<div class=\"elementor-element elementor-element-2193029b e-con-full e-flex e-con e-child\" data-id=\"2193029b\" data-element_type=\"container\">\n\t\t\t\t<div class=\"elementor-element elementor-element-7cbb74b1 elementor-widget elementor-widget-text-editor\" data-id=\"7cbb74b1\" data-element_type=\"widget\" data-widget_type=\"text-editor.default\">\n\t\t\t\t\t\t\t\t\t<p>PRP CAPILAR<\/p>\t\t\t\t\t\t\t\t<\/div>\n\t\t\t\t<\/div>\n\t\t<div class=\"elementor-element elementor-element-3f5bd1d5 e-con-full e-flex e-con e-child\" data-id=\"3f5bd1d5\" data-element_type=\"container\" data-settings=\"{&quot;background_background&quot;:&quot;classic&quot;}\">\n\t\t\t\t<div class=\"elementor-element elementor-element-664622de elementor-widget elementor-widget-text-editor\" data-id=\"664622de\" data-element_type=\"widget\" data-widget_type=\"text-editor.default\">\n\t\t\t\t\t\t\t\t\t<p>CAPILAR<\/p>\t\t\t\t\t\t\t\t<\/div>\n\t\t\t\t<\/div>\n\t\t\t\t<\/div>\n\t\t\t\t\t<\/div>\n\t\t\t\t<\/div>\n\t\t<div class=\"elementor-element elementor-element-1e2ca2e e-flex e-con-boxed e-con e-parent\" data-id=\"1e2ca2e\" data-element_type=\"container\" data-settings=\"{&quot;background_background&quot;:&quot;classic&quot;}\">\n\t\t\t\t\t<div class=\"e-con-inner\">\n\t\t\t\t<div class=\"elementor-element elementor-element-493a0ae1 elementor-invisible elementor-widget elementor-widget-text-editor\" data-id=\"493a0ae1\" data-element_type=\"widget\" data-settings=\"{&quot;_animation&quot;:&quot;fadeInLeft&quot;}\" data-widget_type=\"text-editor.default\">\n\t\t\t\t\t\t\t\t\t<p>CUERO CABELLUDO<\/p>\t\t\t\t\t\t\t\t<\/div>\n\t\t\t\t\t<\/div>\n\t\t\t\t<\/div>\n\t\t<div class=\"elementor-element elementor-element-5b3a739d e-flex e-con-boxed e-con e-parent\" data-id=\"5b3a739d\" data-element_type=\"container\">\n\t\t\t\t\t<div class=\"e-con-inner\">\n\t\t<div class=\"elementor-element elementor-element-463bddc e-con-full e-flex e-con e-child\" data-id=\"463bddc\" data-element_type=\"container\" data-settings=\"{&quot;background_background&quot;:&quot;classic&quot;}\">\n\t\t\t\t<div class=\"elementor-element elementor-element-6a8f4389 elementor-widget elementor-widget-text-editor\" data-id=\"6a8f4389\" data-element_type=\"widget\" data-widget_type=\"text-editor.default\">\n\t\t\t\t\t\t\t\t\t<p>Estimula el crecimiento del cabello<\/p>\t\t\t\t\t\t\t\t<\/div>\n\t\t\t\t<div class=\"elementor-element elementor-element-454bc52 elementor-widget elementor-widget-text-editor\" data-id=\"454bc52\" data-element_type=\"widget\" data-widget_type=\"text-editor.default\">\n\t\t\t\t\t\t\t\t\t<p>Mejora la densidad y grosor capilar<\/p>\t\t\t\t\t\t\t\t<\/div>\n\t\t\t\t<div class=\"elementor-element elementor-element-19c80b40 elementor-widget elementor-widget-text-editor\" data-id=\"19c80b40\" data-element_type=\"widget\" data-widget_type=\"text-editor.default\">\n\t\t\t\t\t\t\t\t\t<p>Regenera el fol\u00edculo con factores biol\u00f3gicos<\/p>\t\t\t\t\t\t\t\t<\/div>\n\t\t\t\t<div class=\"elementor-element elementor-element-7227b0d6 elementor-widget elementor-widget-text-editor\" data-id=\"7227b0d6\" data-element_type=\"widget\" data-widget_type=\"text-editor.default\">\n\t\t\t\t\t\t\t\t\t<p>Fortalece el cabello debilitado<\/p>\t\t\t\t\t\t\t\t<\/div>\n\t\t\t\t<\/div>\n\t\t<div class=\"elementor-element elementor-element-29656b65 e-con-full e-flex e-con e-child\" data-id=\"29656b65\" data-element_type=\"container\" data-settings=\"{&quot;background_background&quot;:&quot;classic&quot;}\">\n\t\t\t\t<div class=\"elementor-element elementor-element-751c5753 elementor-widget elementor-widget-text-editor\" data-id=\"751c5753\" data-element_type=\"widget\" data-widget_type=\"text-editor.default\">\n\t\t\t\t\t\t\t\t\t<p>\u00bfQu\u00e9 es?<\/p>\t\t\t\t\t\t\t\t<\/div>\n\t\t\t\t<div class=\"elementor-element elementor-element-588ce4a4 elementor-widget elementor-widget-text-editor\" data-id=\"588ce4a4\" data-element_type=\"widget\" data-widget_type=\"text-editor.default\">\n\t\t\t\t\t\t\t\t\t<p class=\"p1\">El PRP capilar utiliza el plasma rico en plaquetas del propio paciente para estimular el fol\u00edculo piloso y mejorar la calidad del cabello.<\/p><p class=\"p1\">Es un tratamiento biol\u00f3gico, seguro y eficaz para frenar la ca\u00edda y aumentar densidad capilar.<\/p>\t\t\t\t\t\t\t\t<\/div>\n\t\t\t\t<\/div>\n\t\t<div class=\"elementor-element elementor-element-16920c79 e-con-full e-flex e-con e-child\" data-id=\"16920c79\" data-element_type=\"container\" data-settings=\"{&quot;background_background&quot;:&quot;classic&quot;}\">\n\t\t\t\t<div class=\"elementor-element elementor-element-14443953 elementor-widget elementor-widget-text-editor\" data-id=\"14443953\" data-element_type=\"widget\" data-widget_type=\"text-editor.default\">\n\t\t\t\t\t\t\t\t\t<p>\u00bfEn que consiste?<\/p>\t\t\t\t\t\t\t\t<\/div>\n\t\t\t\t<div class=\"elementor-element elementor-element-5257ee6f elementor-widget elementor-widget-text-editor\" data-id=\"5257ee6f\" data-element_type=\"widget\" data-widget_type=\"text-editor.default\">\n\t\t\t\t\t\t\t\t\t<p class=\"p1\">Tras una valoraci\u00f3n capilar, se extrae una peque\u00f1a muestra de sangre que se centrifuga para obtener el plasma rico en plaquetas.<\/p><p class=\"p1\">Ese concentrado biol\u00f3gico se aplica mediante microinyecciones en el cuero cabelludo para reactivar los fol\u00edculos, mejorar la microcirculaci\u00f3n y fortalecer la fibra capilar desde la ra\u00edz.<\/p><p class=\"p1\">En <span class=\"s1\">Centro M\u00e9dico Est\u00e9tico Lezkairu<\/span>, utilizamos protocolos avanzados y t\u00e9cnicas seguras para asegurar una m\u00e1xima concentraci\u00f3n de factores de crecimiento y una aplicaci\u00f3n precisa en las zonas m\u00e1s activas.<\/p><p class=\"p1\">La sesi\u00f3n dura <span class=\"s1\">30\u201345 minutos<\/span>, es bien tolerada y no requiere reposo.<\/p><p class=\"p1\">Se recomiendan <span class=\"s1\">3\u20134 sesiones iniciales<\/span> m\u00e1s mantenimiento peri\u00f3dico, logrando un cabello m\u00e1s fuerte, denso y sano.<\/p>\t\t\t\t\t\t\t\t<\/div>\n\t\t\t\t<div class=\"elementor-element elementor-element-37e57844 elementor-align-center elementor-widget elementor-widget-button\" data-id=\"37e57844\" data-element_type=\"widget\" data-widget_type=\"button.default\">\n\t\t\t\t\t\t\t\t\t\t<a class=\"elementor-button elementor-button-link elementor-size-sm\" href=\"https:\/\/intelligent-bhaskara.93-93-114-159.plesk.page\/index.php\/contacto-centro-estetico-lezkairu\/\">\n\t\t\t\t\t\t<span class=\"elementor-button-content-wrapper\">\n\t\t\t\t\t\t\t\t\t<span class=\"elementor-button-text\">Solicita tu sesi\u00f3n<\/span>\n\t\t\t\t\t<\/span>\n\t\t\t\t\t<\/a>\n\t\t\t\t\t\t\t\t<\/div>\n\t\t\t\t<\/div>\n\t\t<div class=\"elementor-element elementor-element-49433127 e-con-full e-flex e-con e-child\" data-id=\"49433127\" data-element_type=\"container\" data-settings=\"{&quot;background_background&quot;:&quot;classic&quot;}\">\n\t\t\t\t<div class=\"elementor-element elementor-element-6ab9cd96 elementor-widget elementor-widget-image\" data-id=\"6ab9cd96\" data-element_type=\"widget\" data-widget_type=\"image.default\">\n\t\t\t\t\t\t\t\t\t\t\t\t\t\t\t<img fetchpriority=\"high\" decoding=\"async\" width=\"500\" height=\"500\" src=\"https:\/\/intelligent-bhaskara.93-93-114-159.plesk.page\/wp-content\/uploads\/2025\/10\/PRP-Capilar.jpg\" class=\"attachment-full size-full wp-image-426\" alt=\"\" srcset=\"https:\/\/intelligent-bhaskara.93-93-114-159.plesk.page\/wp-content\/uploads\/2025\/10\/PRP-Capilar.jpg 500w, https:\/\/intelligent-bhaskara.93-93-114-159.plesk.page\/wp-content\/uploads\/2025\/10\/PRP-Capilar-300x300.jpg 300w, https:\/\/intelligent-bhaskara.93-93-114-159.plesk.page\/wp-content\/uploads\/2025\/10\/PRP-Capilar-150x150.jpg 150w\" sizes=\"(max-width: 500px) 100vw, 500px\" \/>\t\t\t\t\t\t\t\t\t\t\t\t\t\t\t<\/div>\n\t\t\t\t<\/div>\n\t\t\t\t\t<\/div>\n\t\t\t\t<\/div>\n\t\t\t\t<\/div>\n\t\t","protected":false},"excerpt":{"rendered":"<p>PRP CAPILAR CAPILAR CUERO CABELLUDO Estimula el crecimiento del cabello Mejora la densidad y grosor capilar Regenera el fol\u00edculo con factores biol\u00f3gicos Fortalece el cabello debilitado \u00bfQu\u00e9 es? El PRP capilar utiliza el plasma rico en plaquetas del propio paciente para estimular el fol\u00edculo piloso y mejorar la calidad del cabello. Es un tratamiento biol\u00f3gico, [&hellip;]<\/p>\n","protected":false},"author":3,"featured_media":0,"parent":0,"menu_order":0,"comment_status":"closed","ping_status":"closed","template":"elementor_header_footer","meta":{"_joinchat":[],"footnotes":""},"class_list":["post-829","page","type-page","status-publish","hentry"],"yoast_head":"<!-- This site is optimized with the Yoast SEO plugin v27.0 - https:\/\/yoast.com\/product\/yoast-seo-wordpress\/ -->\n<title>PRP CAPILAR - Centro Est\u00e9tico Lezkairu<\/title>\n<meta name=\"description\" content=\"PRP capilar Pamplona. Tratamiento m\u00e9dico con plasma rico en plaquetas para frenar la ca\u00edda, regenerar el fol\u00edculo y aumentar tu densidad capilar.\" \/>\n<meta name=\"robots\" content=\"index, follow, max-snippet:-1, max-image-preview:large, max-video-preview:-1\" \/>\n<link rel=\"canonical\" href=\"https:\/\/intelligent-bhaskara.93-93-114-159.plesk.page\/index.php\/prp-capilar-2\/\" \/>\n<meta property=\"og:locale\" content=\"es_ES\" \/>\n<meta property=\"og:type\" content=\"article\" \/>\n<meta property=\"og:title\" content=\"PRP CAPILAR - Centro Est\u00e9tico Lezkairu\" \/>\n<meta property=\"og:description\" content=\"PRP capilar Pamplona. Tratamiento m\u00e9dico con plasma rico en plaquetas para frenar la ca\u00edda, regenerar el fol\u00edculo y aumentar tu densidad capilar.\" \/>\n<meta property=\"og:url\" content=\"https:\/\/intelligent-bhaskara.93-93-114-159.plesk.page\/index.php\/prp-capilar-2\/\" \/>\n<meta property=\"og:site_name\" content=\"Centro Est\u00e9tico Lezkairu\" \/>\n<meta property=\"article:modified_time\" content=\"2026-02-20T12:31:55+00:00\" \/>\n<meta property=\"og:image\" content=\"https:\/\/intelligent-bhaskara.93-93-114-159.plesk.page\/wp-content\/uploads\/2025\/10\/PRP-Capilar.jpg\" \/>\n<meta name=\"twitter:card\" content=\"summary_large_image\" \/>\n<meta name=\"twitter:label1\" content=\"Tiempo de lectura\" \/>\n\t<meta name=\"twitter:data1\" content=\"2 minutos\" \/>\n<script type=\"application\/ld+json\" class=\"yoast-schema-graph\">{\"@context\":\"https:\/\/schema.org\",\"@graph\":[{\"@type\":\"WebPage\",\"@id\":\"https:\/\/intelligent-bhaskara.93-93-114-159.plesk.page\/index.php\/prp-capilar-2\/\",\"url\":\"https:\/\/intelligent-bhaskara.93-93-114-159.plesk.page\/index.php\/prp-capilar-2\/\",\"name\":\"PRP CAPILAR - Centro Est\u00e9tico Lezkairu\",\"isPartOf\":{\"@id\":\"https:\/\/intelligent-bhaskara.93-93-114-159.plesk.page\/#website\"},\"primaryImageOfPage\":{\"@id\":\"https:\/\/intelligent-bhaskara.93-93-114-159.plesk.page\/index.php\/prp-capilar-2\/#primaryimage\"},\"image\":{\"@id\":\"https:\/\/intelligent-bhaskara.93-93-114-159.plesk.page\/index.php\/prp-capilar-2\/#primaryimage\"},\"thumbnailUrl\":\"https:\/\/intelligent-bhaskara.93-93-114-159.plesk.page\/wp-content\/uploads\/2025\/10\/PRP-Capilar.jpg\",\"datePublished\":\"2025-11-11T09:15:31+00:00\",\"dateModified\":\"2026-02-20T12:31:55+00:00\",\"description\":\"PRP capilar Pamplona. Tratamiento m\u00e9dico con plasma rico en plaquetas para frenar la ca\u00edda, regenerar el fol\u00edculo y aumentar tu densidad capilar.\",\"breadcrumb\":{\"@id\":\"https:\/\/intelligent-bhaskara.93-93-114-159.plesk.page\/index.php\/prp-capilar-2\/#breadcrumb\"},\"inLanguage\":\"es\",\"potentialAction\":[{\"@type\":\"ReadAction\",\"target\":[\"https:\/\/intelligent-bhaskara.93-93-114-159.plesk.page\/index.php\/prp-capilar-2\/\"]}]},{\"@type\":\"ImageObject\",\"inLanguage\":\"es\",\"@id\":\"https:\/\/intelligent-bhaskara.93-93-114-159.plesk.page\/index.php\/prp-capilar-2\/#primaryimage\",\"url\":\"https:\/\/intelligent-bhaskara.93-93-114-159.plesk.page\/wp-content\/uploads\/2025\/10\/PRP-Capilar.jpg\",\"contentUrl\":\"https:\/\/intelligent-bhaskara.93-93-114-159.plesk.page\/wp-content\/uploads\/2025\/10\/PRP-Capilar.jpg\",\"width\":500,\"height\":500},{\"@type\":\"BreadcrumbList\",\"@id\":\"https:\/\/intelligent-bhaskara.93-93-114-159.plesk.page\/index.php\/prp-capilar-2\/#breadcrumb\",\"itemListElement\":[{\"@type\":\"ListItem\",\"position\":1,\"name\":\"Portada\",\"item\":\"https:\/\/intelligent-bhaskara.93-93-114-159.plesk.page\/\"},{\"@type\":\"ListItem\",\"position\":2,\"name\":\"PRP CAPILAR\"}]},{\"@type\":\"WebSite\",\"@id\":\"https:\/\/intelligent-bhaskara.93-93-114-159.plesk.page\/#website\",\"url\":\"https:\/\/intelligent-bhaskara.93-93-114-159.plesk.page\/\",\"name\":\"Centro Est\u00e9tico Lezkairu\",\"description\":\"\",\"potentialAction\":[{\"@type\":\"SearchAction\",\"target\":{\"@type\":\"EntryPoint\",\"urlTemplate\":\"https:\/\/intelligent-bhaskara.93-93-114-159.plesk.page\/?s={search_term_string}\"},\"query-input\":{\"@type\":\"PropertyValueSpecification\",\"valueRequired\":true,\"valueName\":\"search_term_string\"}}],\"inLanguage\":\"es\"}]}<\/script>\n<!-- \/ Yoast SEO plugin. -->","yoast_head_json":{"title":"PRP CAPILAR - Centro Est\u00e9tico Lezkairu","description":"PRP capilar Pamplona. Tratamiento m\u00e9dico con plasma rico en plaquetas para frenar la ca\u00edda, regenerar el fol\u00edculo y aumentar tu densidad capilar.","robots":{"index":"index","follow":"follow","max-snippet":"max-snippet:-1","max-image-preview":"max-image-preview:large","max-video-preview":"max-video-preview:-1"},"canonical":"https:\/\/intelligent-bhaskara.93-93-114-159.plesk.page\/index.php\/prp-capilar-2\/","og_locale":"es_ES","og_type":"article","og_title":"PRP CAPILAR - Centro Est\u00e9tico Lezkairu","og_description":"PRP capilar Pamplona. Tratamiento m\u00e9dico con plasma rico en plaquetas para frenar la ca\u00edda, regenerar el fol\u00edculo y aumentar tu densidad capilar.","og_url":"https:\/\/intelligent-bhaskara.93-93-114-159.plesk.page\/index.php\/prp-capilar-2\/","og_site_name":"Centro Est\u00e9tico Lezkairu","article_modified_time":"2026-02-20T12:31:55+00:00","og_image":[{"url":"https:\/\/intelligent-bhaskara.93-93-114-159.plesk.page\/wp-content\/uploads\/2025\/10\/PRP-Capilar.jpg","type":"","width":"","height":""}],"twitter_card":"summary_large_image","twitter_misc":{"Tiempo de lectura":"2 minutos"},"schema":{"@context":"https:\/\/schema.org","@graph":[{"@type":"WebPage","@id":"https:\/\/intelligent-bhaskara.93-93-114-159.plesk.page\/index.php\/prp-capilar-2\/","url":"https:\/\/intelligent-bhaskara.93-93-114-159.plesk.page\/index.php\/prp-capilar-2\/","name":"PRP CAPILAR - Centro Est\u00e9tico Lezkairu","isPartOf":{"@id":"https:\/\/intelligent-bhaskara.93-93-114-159.plesk.page\/#website"},"primaryImageOfPage":{"@id":"https:\/\/intelligent-bhaskara.93-93-114-159.plesk.page\/index.php\/prp-capilar-2\/#primaryimage"},"image":{"@id":"https:\/\/intelligent-bhaskara.93-93-114-159.plesk.page\/index.php\/prp-capilar-2\/#primaryimage"},"thumbnailUrl":"https:\/\/intelligent-bhaskara.93-93-114-159.plesk.page\/wp-content\/uploads\/2025\/10\/PRP-Capilar.jpg","datePublished":"2025-11-11T09:15:31+00:00","dateModified":"2026-02-20T12:31:55+00:00","description":"PRP capilar Pamplona. Tratamiento m\u00e9dico con plasma rico en plaquetas para frenar la ca\u00edda, regenerar el fol\u00edculo y aumentar tu densidad capilar.","breadcrumb":{"@id":"https:\/\/intelligent-bhaskara.93-93-114-159.plesk.page\/index.php\/prp-capilar-2\/#breadcrumb"},"inLanguage":"es","potentialAction":[{"@type":"ReadAction","target":["https:\/\/intelligent-bhaskara.93-93-114-159.plesk.page\/index.php\/prp-capilar-2\/"]}]},{"@type":"ImageObject","inLanguage":"es","@id":"https:\/\/intelligent-bhaskara.93-93-114-159.plesk.page\/index.php\/prp-capilar-2\/#primaryimage","url":"https:\/\/intelligent-bhaskara.93-93-114-159.plesk.page\/wp-content\/uploads\/2025\/10\/PRP-Capilar.jpg","contentUrl":"https:\/\/intelligent-bhaskara.93-93-114-159.plesk.page\/wp-content\/uploads\/2025\/10\/PRP-Capilar.jpg","width":500,"height":500},{"@type":"BreadcrumbList","@id":"https:\/\/intelligent-bhaskara.93-93-114-159.plesk.page\/index.php\/prp-capilar-2\/#breadcrumb","itemListElement":[{"@type":"ListItem","position":1,"name":"Portada","item":"https:\/\/intelligent-bhaskara.93-93-114-159.plesk.page\/"},{"@type":"ListItem","position":2,"name":"PRP CAPILAR"}]},{"@type":"WebSite","@id":"https:\/\/intelligent-bhaskara.93-93-114-159.plesk.page\/#website","url":"https:\/\/intelligent-bhaskara.93-93-114-159.plesk.page\/","name":"Centro Est\u00e9tico Lezkairu","description":"","potentialAction":[{"@type":"SearchAction","target":{"@type":"EntryPoint","urlTemplate":"https:\/\/intelligent-bhaskara.93-93-114-159.plesk.page\/?s={search_term_string}"},"query-input":{"@type":"PropertyValueSpecification","valueRequired":true,"valueName":"search_term_string"}}],"inLanguage":"es"}]}},"_links":{"self":[{"href":"https:\/\/intelligent-bhaskara.93-93-114-159.plesk.page\/index.php\/wp-json\/wp\/v2\/pages\/829","targetHints":{"allow":["GET"]}}],"collection":[{"href":"https:\/\/intelligent-bhaskara.93-93-114-159.plesk.page\/index.php\/wp-json\/wp\/v2\/pages"}],"about":[{"href":"https:\/\/intelligent-bhaskara.93-93-114-159.plesk.page\/index.php\/wp-json\/wp\/v2\/types\/page"}],"author":[{"embeddable":true,"href":"https:\/\/intelligent-bhaskara.93-93-114-159.plesk.page\/index.php\/wp-json\/wp\/v2\/users\/3"}],"replies":[{"embeddable":true,"href":"https:\/\/intelligent-bhaskara.93-93-114-159.plesk.page\/index.php\/wp-json\/wp\/v2\/comments?post=829"}],"version-history":[{"count":10,"href":"https:\/\/intelligent-bhaskara.93-93-114-159.plesk.page\/index.php\/wp-json\/wp\/v2\/pages\/829\/revisions"}],"predecessor-version":[{"id":1308,"href":"https:\/\/intelligent-bhaskara.93-93-114-159.plesk.page\/index.php\/wp-json\/wp\/v2\/pages\/829\/revisions\/1308"}],"wp:attachment":[{"href":"https:\/\/intelligent-bhaskara.93-93-114-159.plesk.page\/index.php\/wp-json\/wp\/v2\/media?parent=829"}],"curies":[{"name":"wp","href":"https:\/\/api.w.org\/{rel}","templated":true}]}}