{"id":796,"date":"2025-11-10T10:51:39","date_gmt":"2025-11-10T10:51:39","guid":{"rendered":"https:\/\/intelligent-bhaskara.93-93-114-159.plesk.page\/?page_id=796"},"modified":"2026-02-20T12:05:36","modified_gmt":"2026-02-20T12:05:36","slug":"metodo-mosaico-modelante-2","status":"publish","type":"page","link":"https:\/\/intelligent-bhaskara.93-93-114-159.plesk.page\/index.php\/metodo-mosaico-modelante-2\/","title":{"rendered":"METODO MOSAICO MODELANTE"},"content":{"rendered":"\t\t<div data-elementor-type=\"wp-page\" data-elementor-id=\"796\" class=\"elementor elementor-796\" data-elementor-post-type=\"page\">\n\t\t\t\t<div class=\"elementor-element elementor-element-25e2a3c4 e-flex e-con-boxed e-con e-parent\" data-id=\"25e2a3c4\" data-element_type=\"container\" data-settings=\"{&quot;background_background&quot;:&quot;classic&quot;}\">\n\t\t\t\t\t<div class=\"e-con-inner\">\n\t\t<div class=\"elementor-element elementor-element-13ce626f e-con-full e-flex e-con e-child\" data-id=\"13ce626f\" data-element_type=\"container\" data-settings=\"{&quot;background_background&quot;:&quot;classic&quot;}\">\n\t\t<div class=\"elementor-element elementor-element-3bd67bcd e-con-full e-flex e-con e-child\" data-id=\"3bd67bcd\" data-element_type=\"container\">\n\t\t\t\t<div class=\"elementor-element elementor-element-44b47ac6 elementor-widget__width-initial elementor-widget elementor-widget-text-editor\" data-id=\"44b47ac6\" data-element_type=\"widget\" data-widget_type=\"text-editor.default\">\n\t\t\t\t\t\t\t\t\t<p>M\u00c9TODO MOSAICO MODELANTE<\/p>\t\t\t\t\t\t\t\t<\/div>\n\t\t\t\t<\/div>\n\t\t<div class=\"elementor-element elementor-element-6b8d737 e-con-full e-flex e-con e-child\" data-id=\"6b8d737\" data-element_type=\"container\" data-settings=\"{&quot;background_background&quot;:&quot;classic&quot;}\">\n\t\t\t\t<div class=\"elementor-element elementor-element-4b76758a elementor-widget elementor-widget-text-editor\" data-id=\"4b76758a\" data-element_type=\"widget\" data-widget_type=\"text-editor.default\">\n\t\t\t\t\t\t\t\t\t<p>AVANZADA<\/p>\t\t\t\t\t\t\t\t<\/div>\n\t\t\t\t<\/div>\n\t\t\t\t<\/div>\n\t\t\t\t\t<\/div>\n\t\t\t\t<\/div>\n\t\t<div class=\"elementor-element elementor-element-689fe131 e-flex e-con-boxed e-con e-parent\" data-id=\"689fe131\" data-element_type=\"container\" data-settings=\"{&quot;background_background&quot;:&quot;classic&quot;}\">\n\t\t\t\t\t<div class=\"e-con-inner\">\n\t\t\t\t<div class=\"elementor-element elementor-element-1f124edd elementor-invisible elementor-widget elementor-widget-text-editor\" data-id=\"1f124edd\" data-element_type=\"widget\" data-settings=\"{&quot;_animation&quot;:&quot;fadeInLeft&quot;}\" data-widget_type=\"text-editor.default\">\n\t\t\t\t\t\t\t\t\t<p>ABDOMEN | GL\u00daTEOS | PIERNAS<\/p>\t\t\t\t\t\t\t\t<\/div>\n\t\t\t\t\t<\/div>\n\t\t\t\t<\/div>\n\t\t<div class=\"elementor-element elementor-element-7264ec01 e-flex e-con-boxed e-con e-parent\" data-id=\"7264ec01\" data-element_type=\"container\">\n\t\t\t\t\t<div class=\"e-con-inner\">\n\t\t<div class=\"elementor-element elementor-element-7f0d1996 e-con-full e-flex e-con e-child\" data-id=\"7f0d1996\" data-element_type=\"container\" data-settings=\"{&quot;background_background&quot;:&quot;classic&quot;}\">\n\t\t\t\t<div class=\"elementor-element elementor-element-3fb7cca5 elementor-widget elementor-widget-text-editor\" data-id=\"3fb7cca5\" data-element_type=\"widget\" data-widget_type=\"text-editor.default\">\n\t\t\t\t\t\t\t\t\t<p>Remodelaci\u00f3n corporal manual avanzada<\/p>\t\t\t\t\t\t\t\t<\/div>\n\t\t\t\t<div class=\"elementor-element elementor-element-5680efec elementor-widget elementor-widget-text-editor\" data-id=\"5680efec\" data-element_type=\"widget\" data-widget_type=\"text-editor.default\">\n\t\t\t\t\t\t\t\t\t<p>Reduce volumen y mejora la silueta<\/p>\t\t\t\t\t\t\t\t<\/div>\n\t\t\t\t<div class=\"elementor-element elementor-element-2055ed6b elementor-widget elementor-widget-text-editor\" data-id=\"2055ed6b\" data-element_type=\"widget\" data-widget_type=\"text-editor.default\">\n\t\t\t\t\t\t\t\t\t<p>Estimula circulaci\u00f3n y drenaje linf\u00e1tico<\/p>\t\t\t\t\t\t\t\t<\/div>\n\t\t\t\t<div class=\"elementor-element elementor-element-573c4249 elementor-widget elementor-widget-text-editor\" data-id=\"573c4249\" data-element_type=\"widget\" data-widget_type=\"text-editor.default\">\n\t\t\t\t\t\t\t\t\t<p>Aporta firmeza y tono al tejido<\/p>\t\t\t\t\t\t\t\t<\/div>\n\t\t\t\t<\/div>\n\t\t<div class=\"elementor-element elementor-element-6955e536 e-con-full e-flex e-con e-child\" data-id=\"6955e536\" data-element_type=\"container\" data-settings=\"{&quot;background_background&quot;:&quot;classic&quot;}\">\n\t\t\t\t<div class=\"elementor-element elementor-element-78638aef elementor-widget elementor-widget-text-editor\" data-id=\"78638aef\" data-element_type=\"widget\" data-widget_type=\"text-editor.default\">\n\t\t\t\t\t\t\t\t\t<p>\u00bfQu\u00e9 es?<\/p>\t\t\t\t\t\t\t\t<\/div>\n\t\t\t\t<div class=\"elementor-element elementor-element-198b0849 elementor-widget elementor-widget-text-editor\" data-id=\"198b0849\" data-element_type=\"widget\" data-widget_type=\"text-editor.default\">\n\t\t\t\t\t\t\t\t\t<p>El M\u00e9todo Mosaico Modelante es un tratamiento corporal avanzado que redefine la silueta y mejora la firmeza de la piel.En Centro M\u00e9dico Est\u00e9tico Lezkairu, lo aplicamos con un enfoque profesional y personalizado.<\/p>\t\t\t\t\t\t\t\t<\/div>\n\t\t\t\t<\/div>\n\t\t<div class=\"elementor-element elementor-element-49909cb3 e-con-full e-flex e-con e-child\" data-id=\"49909cb3\" data-element_type=\"container\" data-settings=\"{&quot;background_background&quot;:&quot;classic&quot;}\">\n\t\t\t\t<div class=\"elementor-element elementor-element-2013b286 elementor-widget elementor-widget-text-editor\" data-id=\"2013b286\" data-element_type=\"widget\" data-widget_type=\"text-editor.default\">\n\t\t\t\t\t\t\t\t\t<p>\u00bfEn que consiste?<\/p>\t\t\t\t\t\t\t\t<\/div>\n\t\t\t\t<div class=\"elementor-element elementor-element-4315bacc elementor-widget elementor-widget-text-editor\" data-id=\"4315bacc\" data-element_type=\"widget\" data-widget_type=\"text-editor.default\">\n\t\t\t\t\t\t\t\t\t<p class=\"p1\">Este m\u00e9todo combina maniobras estrat\u00e9gicas y secuencias espec\u00edficas de masaje para estimular el tejido, activar la circulaci\u00f3n y favorecer el drenaje y la tonificaci\u00f3n muscular. A trav\u00e9s de movimientos profundos y precisos, se trabaja de forma segmentada cada zona del cuerpo, logrando un modelado arm\u00f3nico y progresivo. El objetivo es potenciar la definici\u00f3n corporal, reducir volumen localizado y mejorar la textura de la piel. En <span class=\"s1\"><b>Centro M\u00e9dico Est\u00e9tico Lezkairu<\/b><\/span>, garantizamos una experiencia profesional, segura y orientada a resultados.<\/p>\t\t\t\t\t\t\t\t<\/div>\n\t\t\t\t<div class=\"elementor-element elementor-element-54cd219b elementor-align-center elementor-widget elementor-widget-button\" data-id=\"54cd219b\" data-element_type=\"widget\" data-widget_type=\"button.default\">\n\t\t\t\t\t\t\t\t\t\t<a class=\"elementor-button elementor-button-link elementor-size-sm\" href=\"https:\/\/intelligent-bhaskara.93-93-114-159.plesk.page\/index.php\/contacto-centro-estetico-lezkairu\/\">\n\t\t\t\t\t\t<span class=\"elementor-button-content-wrapper\">\n\t\t\t\t\t\t\t\t\t<span class=\"elementor-button-text\">Solicita tu sesi\u00f3n<\/span>\n\t\t\t\t\t<\/span>\n\t\t\t\t\t<\/a>\n\t\t\t\t\t\t\t\t<\/div>\n\t\t\t\t<\/div>\n\t\t<div class=\"elementor-element elementor-element-557ffd2b e-con-full e-flex e-con e-child\" data-id=\"557ffd2b\" data-element_type=\"container\" data-settings=\"{&quot;background_background&quot;:&quot;classic&quot;}\">\n\t\t\t\t<div class=\"elementor-element elementor-element-571b0623 elementor-widget elementor-widget-image\" data-id=\"571b0623\" data-element_type=\"widget\" data-widget_type=\"image.default\">\n\t\t\t\t\t\t\t\t\t\t\t\t\t\t\t<img fetchpriority=\"high\" decoding=\"async\" width=\"1289\" height=\"1579\" src=\"https:\/\/intelligent-bhaskara.93-93-114-159.plesk.page\/wp-content\/uploads\/2026\/02\/Metodo-mosaico-modelante.jpg\" class=\"attachment-full size-full wp-image-1359\" alt=\"\" srcset=\"https:\/\/intelligent-bhaskara.93-93-114-159.plesk.page\/wp-content\/uploads\/2026\/02\/Metodo-mosaico-modelante.jpg 1289w, https:\/\/intelligent-bhaskara.93-93-114-159.plesk.page\/wp-content\/uploads\/2026\/02\/Metodo-mosaico-modelante-245x300.jpg 245w, https:\/\/intelligent-bhaskara.93-93-114-159.plesk.page\/wp-content\/uploads\/2026\/02\/Metodo-mosaico-modelante-836x1024.jpg 836w, https:\/\/intelligent-bhaskara.93-93-114-159.plesk.page\/wp-content\/uploads\/2026\/02\/Metodo-mosaico-modelante-768x941.jpg 768w, https:\/\/intelligent-bhaskara.93-93-114-159.plesk.page\/wp-content\/uploads\/2026\/02\/Metodo-mosaico-modelante-1254x1536.jpg 1254w\" sizes=\"(max-width: 1289px) 100vw, 1289px\" \/>\t\t\t\t\t\t\t\t\t\t\t\t\t\t\t<\/div>\n\t\t\t\t<\/div>\n\t\t\t\t\t<\/div>\n\t\t\t\t<\/div>\n\t\t\t\t<\/div>\n\t\t","protected":false},"excerpt":{"rendered":"<p>M\u00c9TODO MOSAICO MODELANTE AVANZADA ABDOMEN | GL\u00daTEOS | PIERNAS Remodelaci\u00f3n corporal manual avanzada Reduce volumen y mejora la silueta Estimula circulaci\u00f3n y drenaje linf\u00e1tico Aporta firmeza y tono al tejido \u00bfQu\u00e9 es? El M\u00e9todo Mosaico Modelante es un tratamiento corporal avanzado que redefine la silueta y mejora la firmeza de la piel.En Centro M\u00e9dico Est\u00e9tico [&hellip;]<\/p>\n","protected":false},"author":3,"featured_media":0,"parent":0,"menu_order":0,"comment_status":"closed","ping_status":"closed","template":"elementor_header_footer","meta":{"_joinchat":[],"footnotes":""},"class_list":["post-796","page","type-page","status-publish","hentry"],"yoast_head":"<!-- This site is optimized with the Yoast SEO plugin v27.0 - https:\/\/yoast.com\/product\/yoast-seo-wordpress\/ -->\n<title>METODO MOSAICO MODELANTE - Centro Est\u00e9tico Lezkairu<\/title>\n<meta name=\"description\" content=\"M\u00e9todo mosaico modelante en Pamplona. Tratamiento corporal manual avanzado para reducir volumen, drenar l\u00edquidos y aportar firmeza a tu silueta.\" \/>\n<meta name=\"robots\" content=\"index, follow, max-snippet:-1, max-image-preview:large, max-video-preview:-1\" \/>\n<link rel=\"canonical\" href=\"https:\/\/intelligent-bhaskara.93-93-114-159.plesk.page\/index.php\/metodo-mosaico-modelante-2\/\" \/>\n<meta property=\"og:locale\" content=\"es_ES\" \/>\n<meta property=\"og:type\" content=\"article\" \/>\n<meta property=\"og:title\" content=\"METODO MOSAICO MODELANTE - Centro Est\u00e9tico Lezkairu\" \/>\n<meta property=\"og:description\" content=\"M\u00e9todo mosaico modelante en Pamplona. Tratamiento corporal manual avanzado para reducir volumen, drenar l\u00edquidos y aportar firmeza a tu silueta.\" \/>\n<meta property=\"og:url\" content=\"https:\/\/intelligent-bhaskara.93-93-114-159.plesk.page\/index.php\/metodo-mosaico-modelante-2\/\" \/>\n<meta property=\"og:site_name\" content=\"Centro Est\u00e9tico Lezkairu\" \/>\n<meta property=\"article:modified_time\" content=\"2026-02-20T12:05:36+00:00\" \/>\n<meta property=\"og:image\" content=\"https:\/\/intelligent-bhaskara.93-93-114-159.plesk.page\/wp-content\/uploads\/2026\/02\/Metodo-mosaico-modelante.jpg\" \/>\n<meta name=\"twitter:card\" content=\"summary_large_image\" \/>\n<meta name=\"twitter:label1\" content=\"Tiempo de lectura\" \/>\n\t<meta name=\"twitter:data1\" content=\"1 minuto\" \/>\n<script type=\"application\/ld+json\" class=\"yoast-schema-graph\">{\"@context\":\"https:\/\/schema.org\",\"@graph\":[{\"@type\":\"WebPage\",\"@id\":\"https:\/\/intelligent-bhaskara.93-93-114-159.plesk.page\/index.php\/metodo-mosaico-modelante-2\/\",\"url\":\"https:\/\/intelligent-bhaskara.93-93-114-159.plesk.page\/index.php\/metodo-mosaico-modelante-2\/\",\"name\":\"METODO MOSAICO MODELANTE - Centro Est\u00e9tico Lezkairu\",\"isPartOf\":{\"@id\":\"https:\/\/intelligent-bhaskara.93-93-114-159.plesk.page\/#website\"},\"primaryImageOfPage\":{\"@id\":\"https:\/\/intelligent-bhaskara.93-93-114-159.plesk.page\/index.php\/metodo-mosaico-modelante-2\/#primaryimage\"},\"image\":{\"@id\":\"https:\/\/intelligent-bhaskara.93-93-114-159.plesk.page\/index.php\/metodo-mosaico-modelante-2\/#primaryimage\"},\"thumbnailUrl\":\"https:\/\/intelligent-bhaskara.93-93-114-159.plesk.page\/wp-content\/uploads\/2026\/02\/Metodo-mosaico-modelante.jpg\",\"datePublished\":\"2025-11-10T10:51:39+00:00\",\"dateModified\":\"2026-02-20T12:05:36+00:00\",\"description\":\"M\u00e9todo mosaico modelante en Pamplona. Tratamiento corporal manual avanzado para reducir volumen, drenar l\u00edquidos y aportar firmeza a tu silueta.\",\"breadcrumb\":{\"@id\":\"https:\/\/intelligent-bhaskara.93-93-114-159.plesk.page\/index.php\/metodo-mosaico-modelante-2\/#breadcrumb\"},\"inLanguage\":\"es\",\"potentialAction\":[{\"@type\":\"ReadAction\",\"target\":[\"https:\/\/intelligent-bhaskara.93-93-114-159.plesk.page\/index.php\/metodo-mosaico-modelante-2\/\"]}]},{\"@type\":\"ImageObject\",\"inLanguage\":\"es\",\"@id\":\"https:\/\/intelligent-bhaskara.93-93-114-159.plesk.page\/index.php\/metodo-mosaico-modelante-2\/#primaryimage\",\"url\":\"https:\/\/intelligent-bhaskara.93-93-114-159.plesk.page\/wp-content\/uploads\/2026\/02\/Metodo-mosaico-modelante.jpg\",\"contentUrl\":\"https:\/\/intelligent-bhaskara.93-93-114-159.plesk.page\/wp-content\/uploads\/2026\/02\/Metodo-mosaico-modelante.jpg\",\"width\":1289,\"height\":1579,\"caption\":\"Screenshot\"},{\"@type\":\"BreadcrumbList\",\"@id\":\"https:\/\/intelligent-bhaskara.93-93-114-159.plesk.page\/index.php\/metodo-mosaico-modelante-2\/#breadcrumb\",\"itemListElement\":[{\"@type\":\"ListItem\",\"position\":1,\"name\":\"Portada\",\"item\":\"https:\/\/intelligent-bhaskara.93-93-114-159.plesk.page\/\"},{\"@type\":\"ListItem\",\"position\":2,\"name\":\"METODO MOSAICO MODELANTE\"}]},{\"@type\":\"WebSite\",\"@id\":\"https:\/\/intelligent-bhaskara.93-93-114-159.plesk.page\/#website\",\"url\":\"https:\/\/intelligent-bhaskara.93-93-114-159.plesk.page\/\",\"name\":\"Centro Est\u00e9tico Lezkairu\",\"description\":\"\",\"potentialAction\":[{\"@type\":\"SearchAction\",\"target\":{\"@type\":\"EntryPoint\",\"urlTemplate\":\"https:\/\/intelligent-bhaskara.93-93-114-159.plesk.page\/?s={search_term_string}\"},\"query-input\":{\"@type\":\"PropertyValueSpecification\",\"valueRequired\":true,\"valueName\":\"search_term_string\"}}],\"inLanguage\":\"es\"}]}<\/script>\n<!-- \/ Yoast SEO plugin. -->","yoast_head_json":{"title":"METODO MOSAICO MODELANTE - Centro Est\u00e9tico Lezkairu","description":"M\u00e9todo mosaico modelante en Pamplona. Tratamiento corporal manual avanzado para reducir volumen, drenar l\u00edquidos y aportar firmeza a tu silueta.","robots":{"index":"index","follow":"follow","max-snippet":"max-snippet:-1","max-image-preview":"max-image-preview:large","max-video-preview":"max-video-preview:-1"},"canonical":"https:\/\/intelligent-bhaskara.93-93-114-159.plesk.page\/index.php\/metodo-mosaico-modelante-2\/","og_locale":"es_ES","og_type":"article","og_title":"METODO MOSAICO MODELANTE - Centro Est\u00e9tico Lezkairu","og_description":"M\u00e9todo mosaico modelante en Pamplona. Tratamiento corporal manual avanzado para reducir volumen, drenar l\u00edquidos y aportar firmeza a tu silueta.","og_url":"https:\/\/intelligent-bhaskara.93-93-114-159.plesk.page\/index.php\/metodo-mosaico-modelante-2\/","og_site_name":"Centro Est\u00e9tico Lezkairu","article_modified_time":"2026-02-20T12:05:36+00:00","og_image":[{"url":"https:\/\/intelligent-bhaskara.93-93-114-159.plesk.page\/wp-content\/uploads\/2026\/02\/Metodo-mosaico-modelante.jpg","type":"","width":"","height":""}],"twitter_card":"summary_large_image","twitter_misc":{"Tiempo de lectura":"1 minuto"},"schema":{"@context":"https:\/\/schema.org","@graph":[{"@type":"WebPage","@id":"https:\/\/intelligent-bhaskara.93-93-114-159.plesk.page\/index.php\/metodo-mosaico-modelante-2\/","url":"https:\/\/intelligent-bhaskara.93-93-114-159.plesk.page\/index.php\/metodo-mosaico-modelante-2\/","name":"METODO MOSAICO MODELANTE - Centro Est\u00e9tico Lezkairu","isPartOf":{"@id":"https:\/\/intelligent-bhaskara.93-93-114-159.plesk.page\/#website"},"primaryImageOfPage":{"@id":"https:\/\/intelligent-bhaskara.93-93-114-159.plesk.page\/index.php\/metodo-mosaico-modelante-2\/#primaryimage"},"image":{"@id":"https:\/\/intelligent-bhaskara.93-93-114-159.plesk.page\/index.php\/metodo-mosaico-modelante-2\/#primaryimage"},"thumbnailUrl":"https:\/\/intelligent-bhaskara.93-93-114-159.plesk.page\/wp-content\/uploads\/2026\/02\/Metodo-mosaico-modelante.jpg","datePublished":"2025-11-10T10:51:39+00:00","dateModified":"2026-02-20T12:05:36+00:00","description":"M\u00e9todo mosaico modelante en Pamplona. Tratamiento corporal manual avanzado para reducir volumen, drenar l\u00edquidos y aportar firmeza a tu silueta.","breadcrumb":{"@id":"https:\/\/intelligent-bhaskara.93-93-114-159.plesk.page\/index.php\/metodo-mosaico-modelante-2\/#breadcrumb"},"inLanguage":"es","potentialAction":[{"@type":"ReadAction","target":["https:\/\/intelligent-bhaskara.93-93-114-159.plesk.page\/index.php\/metodo-mosaico-modelante-2\/"]}]},{"@type":"ImageObject","inLanguage":"es","@id":"https:\/\/intelligent-bhaskara.93-93-114-159.plesk.page\/index.php\/metodo-mosaico-modelante-2\/#primaryimage","url":"https:\/\/intelligent-bhaskara.93-93-114-159.plesk.page\/wp-content\/uploads\/2026\/02\/Metodo-mosaico-modelante.jpg","contentUrl":"https:\/\/intelligent-bhaskara.93-93-114-159.plesk.page\/wp-content\/uploads\/2026\/02\/Metodo-mosaico-modelante.jpg","width":1289,"height":1579,"caption":"Screenshot"},{"@type":"BreadcrumbList","@id":"https:\/\/intelligent-bhaskara.93-93-114-159.plesk.page\/index.php\/metodo-mosaico-modelante-2\/#breadcrumb","itemListElement":[{"@type":"ListItem","position":1,"name":"Portada","item":"https:\/\/intelligent-bhaskara.93-93-114-159.plesk.page\/"},{"@type":"ListItem","position":2,"name":"METODO MOSAICO MODELANTE"}]},{"@type":"WebSite","@id":"https:\/\/intelligent-bhaskara.93-93-114-159.plesk.page\/#website","url":"https:\/\/intelligent-bhaskara.93-93-114-159.plesk.page\/","name":"Centro Est\u00e9tico Lezkairu","description":"","potentialAction":[{"@type":"SearchAction","target":{"@type":"EntryPoint","urlTemplate":"https:\/\/intelligent-bhaskara.93-93-114-159.plesk.page\/?s={search_term_string}"},"query-input":{"@type":"PropertyValueSpecification","valueRequired":true,"valueName":"search_term_string"}}],"inLanguage":"es"}]}},"_links":{"self":[{"href":"https:\/\/intelligent-bhaskara.93-93-114-159.plesk.page\/index.php\/wp-json\/wp\/v2\/pages\/796","targetHints":{"allow":["GET"]}}],"collection":[{"href":"https:\/\/intelligent-bhaskara.93-93-114-159.plesk.page\/index.php\/wp-json\/wp\/v2\/pages"}],"about":[{"href":"https:\/\/intelligent-bhaskara.93-93-114-159.plesk.page\/index.php\/wp-json\/wp\/v2\/types\/page"}],"author":[{"embeddable":true,"href":"https:\/\/intelligent-bhaskara.93-93-114-159.plesk.page\/index.php\/wp-json\/wp\/v2\/users\/3"}],"replies":[{"embeddable":true,"href":"https:\/\/intelligent-bhaskara.93-93-114-159.plesk.page\/index.php\/wp-json\/wp\/v2\/comments?post=796"}],"version-history":[{"count":16,"href":"https:\/\/intelligent-bhaskara.93-93-114-159.plesk.page\/index.php\/wp-json\/wp\/v2\/pages\/796\/revisions"}],"predecessor-version":[{"id":1365,"href":"https:\/\/intelligent-bhaskara.93-93-114-159.plesk.page\/index.php\/wp-json\/wp\/v2\/pages\/796\/revisions\/1365"}],"wp:attachment":[{"href":"https:\/\/intelligent-bhaskara.93-93-114-159.plesk.page\/index.php\/wp-json\/wp\/v2\/media?parent=796"}],"curies":[{"name":"wp","href":"https:\/\/api.w.org\/{rel}","templated":true}]}}