{"id":790,"date":"2025-11-10T10:34:50","date_gmt":"2025-11-10T10:34:50","guid":{"rendered":"https:\/\/intelligent-bhaskara.93-93-114-159.plesk.page\/?page_id=790"},"modified":"2026-02-20T11:58:36","modified_gmt":"2026-02-20T11:58:36","slug":"mesoterapia-capilar-2","status":"publish","type":"page","link":"https:\/\/intelligent-bhaskara.93-93-114-159.plesk.page\/index.php\/mesoterapia-capilar-2\/","title":{"rendered":"MESOTERAPIA CAPILAR"},"content":{"rendered":"\t\t<div data-elementor-type=\"wp-page\" data-elementor-id=\"790\" class=\"elementor elementor-790\" data-elementor-post-type=\"page\">\n\t\t\t\t<div class=\"elementor-element elementor-element-2384e930 e-flex e-con-boxed e-con e-parent\" data-id=\"2384e930\" data-element_type=\"container\" data-settings=\"{&quot;background_background&quot;:&quot;classic&quot;}\">\n\t\t\t\t\t<div class=\"e-con-inner\">\n\t\t<div class=\"elementor-element elementor-element-3d31e503 e-con-full e-flex e-con e-child\" data-id=\"3d31e503\" data-element_type=\"container\" data-settings=\"{&quot;background_background&quot;:&quot;classic&quot;}\">\n\t\t<div class=\"elementor-element elementor-element-7f38e3d0 e-con-full e-flex e-con e-child\" data-id=\"7f38e3d0\" data-element_type=\"container\">\n\t\t\t\t<div class=\"elementor-element elementor-element-3f03a5a2 elementor-widget elementor-widget-text-editor\" data-id=\"3f03a5a2\" data-element_type=\"widget\" data-widget_type=\"text-editor.default\">\n\t\t\t\t\t\t\t\t\t<p>MESOTERAPIA CAPILAR<\/p>\t\t\t\t\t\t\t\t<\/div>\n\t\t\t\t<\/div>\n\t\t<div class=\"elementor-element elementor-element-717941fe e-con-full e-flex e-con e-child\" data-id=\"717941fe\" data-element_type=\"container\" data-settings=\"{&quot;background_background&quot;:&quot;classic&quot;}\">\n\t\t\t\t<div class=\"elementor-element elementor-element-2751e38e elementor-widget elementor-widget-text-editor\" data-id=\"2751e38e\" data-element_type=\"widget\" data-widget_type=\"text-editor.default\">\n\t\t\t\t\t\t\t\t\t<p>CAPILAR<\/p>\t\t\t\t\t\t\t\t<\/div>\n\t\t\t\t<\/div>\n\t\t\t\t<\/div>\n\t\t\t\t\t<\/div>\n\t\t\t\t<\/div>\n\t\t<div class=\"elementor-element elementor-element-234bfcae e-flex e-con-boxed e-con e-parent\" data-id=\"234bfcae\" data-element_type=\"container\" data-settings=\"{&quot;background_background&quot;:&quot;classic&quot;}\">\n\t\t\t\t\t<div class=\"e-con-inner\">\n\t\t\t\t<div class=\"elementor-element elementor-element-5b13f1ac elementor-invisible elementor-widget elementor-widget-text-editor\" data-id=\"5b13f1ac\" data-element_type=\"widget\" data-settings=\"{&quot;_animation&quot;:&quot;fadeInLeft&quot;}\" data-widget_type=\"text-editor.default\">\n\t\t\t\t\t\t\t\t\t<p>CUERO CABELLUDO<\/p>\t\t\t\t\t\t\t\t<\/div>\n\t\t\t\t\t<\/div>\n\t\t\t\t<\/div>\n\t\t<div class=\"elementor-element elementor-element-1f45327f e-flex e-con-boxed e-con e-parent\" data-id=\"1f45327f\" data-element_type=\"container\">\n\t\t\t\t\t<div class=\"e-con-inner\">\n\t\t<div class=\"elementor-element elementor-element-1c910d99 e-con-full e-flex e-con e-child\" data-id=\"1c910d99\" data-element_type=\"container\" data-settings=\"{&quot;background_background&quot;:&quot;classic&quot;}\">\n\t\t\t\t<div class=\"elementor-element elementor-element-69e71dec elementor-widget elementor-widget-text-editor\" data-id=\"69e71dec\" data-element_type=\"widget\" data-widget_type=\"text-editor.default\">\n\t\t\t\t\t\t\t\t\t<p>Reduce la ca\u00edda del cabello<\/p>\t\t\t\t\t\t\t\t<\/div>\n\t\t\t\t<div class=\"elementor-element elementor-element-70bc9746 elementor-widget elementor-widget-text-editor\" data-id=\"70bc9746\" data-element_type=\"widget\" data-widget_type=\"text-editor.default\">\n\t\t\t\t\t\t\t\t\t<p>Aumenta densidad y grosor capilar<\/p>\t\t\t\t\t\t\t\t<\/div>\n\t\t\t\t<div class=\"elementor-element elementor-element-38a8f889 elementor-widget elementor-widget-text-editor\" data-id=\"38a8f889\" data-element_type=\"widget\" data-widget_type=\"text-editor.default\">\n\t\t\t\t\t\t\t\t\t<p>Estimula el fol\u00edculo y el crecimiento<\/p>\t\t\t\t\t\t\t\t<\/div>\n\t\t\t\t<div class=\"elementor-element elementor-element-5f0bf52 elementor-widget elementor-widget-text-editor\" data-id=\"5f0bf52\" data-element_type=\"widget\" data-widget_type=\"text-editor.default\">\n\t\t\t\t\t\t\t\t\t<p>Mejora la salud del cuero cabelludo<\/p>\t\t\t\t\t\t\t\t<\/div>\n\t\t\t\t<\/div>\n\t\t<div class=\"elementor-element elementor-element-78936101 e-con-full e-flex e-con e-child\" data-id=\"78936101\" data-element_type=\"container\" data-settings=\"{&quot;background_background&quot;:&quot;classic&quot;}\">\n\t\t\t\t<div class=\"elementor-element elementor-element-409ea1e0 elementor-widget elementor-widget-text-editor\" data-id=\"409ea1e0\" data-element_type=\"widget\" data-widget_type=\"text-editor.default\">\n\t\t\t\t\t\t\t\t\t<p>\u00bfQu\u00e9 es?<\/p>\t\t\t\t\t\t\t\t<\/div>\n\t\t\t\t<div class=\"elementor-element elementor-element-74e521cb elementor-widget elementor-widget-text-editor\" data-id=\"74e521cb\" data-element_type=\"widget\" data-widget_type=\"text-editor.default\">\n\t\t\t\t\t\t\t\t\t<p class=\"p1\">La mesoterapia capilar consiste en microinyecciones de activos espec\u00edficos (vitaminas, amino\u00e1cidos y factores de crecimiento) para frenar la ca\u00edda y reforzar el cabello desde la ra\u00edz.<\/p><p class=\"p1\">Es un tratamiento ideal para cabello debilitado, afinado o con ca\u00edda estacional o cr\u00f3nica.<\/p>\t\t\t\t\t\t\t\t<\/div>\n\t\t\t\t<\/div>\n\t\t<div class=\"elementor-element elementor-element-9b56cd2 e-con-full e-flex e-con e-child\" data-id=\"9b56cd2\" data-element_type=\"container\" data-settings=\"{&quot;background_background&quot;:&quot;classic&quot;}\">\n\t\t\t\t<div class=\"elementor-element elementor-element-4c75d2c0 elementor-widget elementor-widget-text-editor\" data-id=\"4c75d2c0\" data-element_type=\"widget\" data-widget_type=\"text-editor.default\">\n\t\t\t\t\t\t\t\t\t<p>\u00bfEn que consiste?<\/p>\t\t\t\t\t\t\t\t<\/div>\n\t\t\t\t<div class=\"elementor-element elementor-element-7fa4c16c elementor-widget elementor-widget-text-editor\" data-id=\"7fa4c16c\" data-element_type=\"widget\" data-widget_type=\"text-editor.default\">\n\t\t\t\t\t\t\t\t\t<p>Tras una valoraci\u00f3n capilar personalizada, se realizan microinyecciones superficiales en el cuero cabelludo con un c\u00f3ctel m\u00e9dico dise\u00f1ado para estimular los fol\u00edculos, mejorar la circulaci\u00f3n y aportar nutrientes esenciales.<br \/>En Centro M\u00e9dico Est\u00e9tico Lezkairu utilizamos f\u00f3rmulas de alta calidad y t\u00e9cnicas precisas, trabajando cada zona de forma estrat\u00e9gica para potenciar el crecimiento, engrosar la fibra capilar y revitalizar el cuero cabelludo.<br \/>El procedimiento dura aproximadamente 20\u201330 minutos, es bien tolerado y no requiere tiempo de recuperaci\u00f3n.<br \/>Se recomienda un plan inicial de 4\u20136 sesiones, con mantenimiento peri\u00f3dico seg\u00fan cada caso, para lograr un cabello m\u00e1s fuerte, denso y sano.<\/p>\t\t\t\t\t\t\t\t<\/div>\n\t\t\t\t<div class=\"elementor-element elementor-element-af2a866 elementor-align-center elementor-widget elementor-widget-button\" data-id=\"af2a866\" data-element_type=\"widget\" data-widget_type=\"button.default\">\n\t\t\t\t\t\t\t\t\t\t<a class=\"elementor-button elementor-button-link elementor-size-sm\" href=\"https:\/\/intelligent-bhaskara.93-93-114-159.plesk.page\/index.php\/contacto-centro-estetico-lezkairu\/\">\n\t\t\t\t\t\t<span class=\"elementor-button-content-wrapper\">\n\t\t\t\t\t\t\t\t\t<span class=\"elementor-button-text\">Solicita tu sesi\u00f3n<\/span>\n\t\t\t\t\t<\/span>\n\t\t\t\t\t<\/a>\n\t\t\t\t\t\t\t\t<\/div>\n\t\t\t\t<\/div>\n\t\t<div class=\"elementor-element elementor-element-5b227491 e-con-full e-flex e-con e-child\" data-id=\"5b227491\" data-element_type=\"container\" data-settings=\"{&quot;background_background&quot;:&quot;classic&quot;}\">\n\t\t\t\t<div class=\"elementor-element elementor-element-76afd6e4 elementor-widget elementor-widget-image\" data-id=\"76afd6e4\" data-element_type=\"widget\" data-widget_type=\"image.default\">\n\t\t\t\t\t\t\t\t\t\t\t\t\t\t\t<img fetchpriority=\"high\" decoding=\"async\" width=\"500\" height=\"500\" src=\"https:\/\/intelligent-bhaskara.93-93-114-159.plesk.page\/wp-content\/uploads\/2025\/10\/Mesoterapia-capilar.jpg\" class=\"attachment-full size-full wp-image-414\" alt=\"\" srcset=\"https:\/\/intelligent-bhaskara.93-93-114-159.plesk.page\/wp-content\/uploads\/2025\/10\/Mesoterapia-capilar.jpg 500w, https:\/\/intelligent-bhaskara.93-93-114-159.plesk.page\/wp-content\/uploads\/2025\/10\/Mesoterapia-capilar-300x300.jpg 300w, https:\/\/intelligent-bhaskara.93-93-114-159.plesk.page\/wp-content\/uploads\/2025\/10\/Mesoterapia-capilar-150x150.jpg 150w\" sizes=\"(max-width: 500px) 100vw, 500px\" \/>\t\t\t\t\t\t\t\t\t\t\t\t\t\t\t<\/div>\n\t\t\t\t<\/div>\n\t\t\t\t\t<\/div>\n\t\t\t\t<\/div>\n\t\t\t\t<\/div>\n\t\t","protected":false},"excerpt":{"rendered":"<p>MESOTERAPIA CAPILAR CAPILAR CUERO CABELLUDO Reduce la ca\u00edda del cabello Aumenta densidad y grosor capilar Estimula el fol\u00edculo y el crecimiento Mejora la salud del cuero cabelludo \u00bfQu\u00e9 es? La mesoterapia capilar consiste en microinyecciones de activos espec\u00edficos (vitaminas, amino\u00e1cidos y factores de crecimiento) para frenar la ca\u00edda y reforzar el cabello desde la ra\u00edz. [&hellip;]<\/p>\n","protected":false},"author":3,"featured_media":0,"parent":0,"menu_order":0,"comment_status":"closed","ping_status":"closed","template":"elementor_header_footer","meta":{"_joinchat":[],"footnotes":""},"class_list":["post-790","page","type-page","status-publish","hentry"],"yoast_head":"<!-- This site is optimized with the Yoast SEO plugin v27.0 - https:\/\/yoast.com\/product\/yoast-seo-wordpress\/ -->\n<title>MESOTERAPIA CAPILAR - Centro Est\u00e9tico Lezkairu<\/title>\n<meta name=\"description\" content=\"Mesoterapia capilar en Pamplona. Tratamiento m\u00e9dico con microinyecciones para frenar la ca\u00edda del cabello, aumentar tu densidad y estimular la ra\u00edz.\" \/>\n<meta name=\"robots\" content=\"index, follow, max-snippet:-1, max-image-preview:large, max-video-preview:-1\" \/>\n<link rel=\"canonical\" href=\"https:\/\/intelligent-bhaskara.93-93-114-159.plesk.page\/index.php\/mesoterapia-capilar-2\/\" \/>\n<meta property=\"og:locale\" content=\"es_ES\" \/>\n<meta property=\"og:type\" content=\"article\" \/>\n<meta property=\"og:title\" content=\"MESOTERAPIA CAPILAR - Centro Est\u00e9tico Lezkairu\" \/>\n<meta property=\"og:description\" content=\"Mesoterapia capilar en Pamplona. Tratamiento m\u00e9dico con microinyecciones para frenar la ca\u00edda del cabello, aumentar tu densidad y estimular la ra\u00edz.\" \/>\n<meta property=\"og:url\" content=\"https:\/\/intelligent-bhaskara.93-93-114-159.plesk.page\/index.php\/mesoterapia-capilar-2\/\" \/>\n<meta property=\"og:site_name\" content=\"Centro Est\u00e9tico Lezkairu\" \/>\n<meta property=\"article:modified_time\" content=\"2026-02-20T11:58:36+00:00\" \/>\n<meta property=\"og:image\" content=\"https:\/\/intelligent-bhaskara.93-93-114-159.plesk.page\/wp-content\/uploads\/2025\/10\/Mesoterapia-capilar.jpg\" \/>\n<meta name=\"twitter:card\" content=\"summary_large_image\" \/>\n<meta name=\"twitter:label1\" content=\"Tiempo de lectura\" \/>\n\t<meta name=\"twitter:data1\" content=\"1 minuto\" \/>\n<script type=\"application\/ld+json\" class=\"yoast-schema-graph\">{\"@context\":\"https:\/\/schema.org\",\"@graph\":[{\"@type\":\"WebPage\",\"@id\":\"https:\/\/intelligent-bhaskara.93-93-114-159.plesk.page\/index.php\/mesoterapia-capilar-2\/\",\"url\":\"https:\/\/intelligent-bhaskara.93-93-114-159.plesk.page\/index.php\/mesoterapia-capilar-2\/\",\"name\":\"MESOTERAPIA CAPILAR - Centro Est\u00e9tico Lezkairu\",\"isPartOf\":{\"@id\":\"https:\/\/intelligent-bhaskara.93-93-114-159.plesk.page\/#website\"},\"primaryImageOfPage\":{\"@id\":\"https:\/\/intelligent-bhaskara.93-93-114-159.plesk.page\/index.php\/mesoterapia-capilar-2\/#primaryimage\"},\"image\":{\"@id\":\"https:\/\/intelligent-bhaskara.93-93-114-159.plesk.page\/index.php\/mesoterapia-capilar-2\/#primaryimage\"},\"thumbnailUrl\":\"https:\/\/intelligent-bhaskara.93-93-114-159.plesk.page\/wp-content\/uploads\/2025\/10\/Mesoterapia-capilar.jpg\",\"datePublished\":\"2025-11-10T10:34:50+00:00\",\"dateModified\":\"2026-02-20T11:58:36+00:00\",\"description\":\"Mesoterapia capilar en Pamplona. Tratamiento m\u00e9dico con microinyecciones para frenar la ca\u00edda del cabello, aumentar tu densidad y estimular la ra\u00edz.\",\"breadcrumb\":{\"@id\":\"https:\/\/intelligent-bhaskara.93-93-114-159.plesk.page\/index.php\/mesoterapia-capilar-2\/#breadcrumb\"},\"inLanguage\":\"es\",\"potentialAction\":[{\"@type\":\"ReadAction\",\"target\":[\"https:\/\/intelligent-bhaskara.93-93-114-159.plesk.page\/index.php\/mesoterapia-capilar-2\/\"]}]},{\"@type\":\"ImageObject\",\"inLanguage\":\"es\",\"@id\":\"https:\/\/intelligent-bhaskara.93-93-114-159.plesk.page\/index.php\/mesoterapia-capilar-2\/#primaryimage\",\"url\":\"https:\/\/intelligent-bhaskara.93-93-114-159.plesk.page\/wp-content\/uploads\/2025\/10\/Mesoterapia-capilar.jpg\",\"contentUrl\":\"https:\/\/intelligent-bhaskara.93-93-114-159.plesk.page\/wp-content\/uploads\/2025\/10\/Mesoterapia-capilar.jpg\",\"width\":500,\"height\":500},{\"@type\":\"BreadcrumbList\",\"@id\":\"https:\/\/intelligent-bhaskara.93-93-114-159.plesk.page\/index.php\/mesoterapia-capilar-2\/#breadcrumb\",\"itemListElement\":[{\"@type\":\"ListItem\",\"position\":1,\"name\":\"Portada\",\"item\":\"https:\/\/intelligent-bhaskara.93-93-114-159.plesk.page\/\"},{\"@type\":\"ListItem\",\"position\":2,\"name\":\"MESOTERAPIA CAPILAR\"}]},{\"@type\":\"WebSite\",\"@id\":\"https:\/\/intelligent-bhaskara.93-93-114-159.plesk.page\/#website\",\"url\":\"https:\/\/intelligent-bhaskara.93-93-114-159.plesk.page\/\",\"name\":\"Centro Est\u00e9tico Lezkairu\",\"description\":\"\",\"potentialAction\":[{\"@type\":\"SearchAction\",\"target\":{\"@type\":\"EntryPoint\",\"urlTemplate\":\"https:\/\/intelligent-bhaskara.93-93-114-159.plesk.page\/?s={search_term_string}\"},\"query-input\":{\"@type\":\"PropertyValueSpecification\",\"valueRequired\":true,\"valueName\":\"search_term_string\"}}],\"inLanguage\":\"es\"}]}<\/script>\n<!-- \/ Yoast SEO plugin. -->","yoast_head_json":{"title":"MESOTERAPIA CAPILAR - Centro Est\u00e9tico Lezkairu","description":"Mesoterapia capilar en Pamplona. Tratamiento m\u00e9dico con microinyecciones para frenar la ca\u00edda del cabello, aumentar tu densidad y estimular la ra\u00edz.","robots":{"index":"index","follow":"follow","max-snippet":"max-snippet:-1","max-image-preview":"max-image-preview:large","max-video-preview":"max-video-preview:-1"},"canonical":"https:\/\/intelligent-bhaskara.93-93-114-159.plesk.page\/index.php\/mesoterapia-capilar-2\/","og_locale":"es_ES","og_type":"article","og_title":"MESOTERAPIA CAPILAR - Centro Est\u00e9tico Lezkairu","og_description":"Mesoterapia capilar en Pamplona. Tratamiento m\u00e9dico con microinyecciones para frenar la ca\u00edda del cabello, aumentar tu densidad y estimular la ra\u00edz.","og_url":"https:\/\/intelligent-bhaskara.93-93-114-159.plesk.page\/index.php\/mesoterapia-capilar-2\/","og_site_name":"Centro Est\u00e9tico Lezkairu","article_modified_time":"2026-02-20T11:58:36+00:00","og_image":[{"url":"https:\/\/intelligent-bhaskara.93-93-114-159.plesk.page\/wp-content\/uploads\/2025\/10\/Mesoterapia-capilar.jpg","type":"","width":"","height":""}],"twitter_card":"summary_large_image","twitter_misc":{"Tiempo de lectura":"1 minuto"},"schema":{"@context":"https:\/\/schema.org","@graph":[{"@type":"WebPage","@id":"https:\/\/intelligent-bhaskara.93-93-114-159.plesk.page\/index.php\/mesoterapia-capilar-2\/","url":"https:\/\/intelligent-bhaskara.93-93-114-159.plesk.page\/index.php\/mesoterapia-capilar-2\/","name":"MESOTERAPIA CAPILAR - Centro Est\u00e9tico Lezkairu","isPartOf":{"@id":"https:\/\/intelligent-bhaskara.93-93-114-159.plesk.page\/#website"},"primaryImageOfPage":{"@id":"https:\/\/intelligent-bhaskara.93-93-114-159.plesk.page\/index.php\/mesoterapia-capilar-2\/#primaryimage"},"image":{"@id":"https:\/\/intelligent-bhaskara.93-93-114-159.plesk.page\/index.php\/mesoterapia-capilar-2\/#primaryimage"},"thumbnailUrl":"https:\/\/intelligent-bhaskara.93-93-114-159.plesk.page\/wp-content\/uploads\/2025\/10\/Mesoterapia-capilar.jpg","datePublished":"2025-11-10T10:34:50+00:00","dateModified":"2026-02-20T11:58:36+00:00","description":"Mesoterapia capilar en Pamplona. Tratamiento m\u00e9dico con microinyecciones para frenar la ca\u00edda del cabello, aumentar tu densidad y estimular la ra\u00edz.","breadcrumb":{"@id":"https:\/\/intelligent-bhaskara.93-93-114-159.plesk.page\/index.php\/mesoterapia-capilar-2\/#breadcrumb"},"inLanguage":"es","potentialAction":[{"@type":"ReadAction","target":["https:\/\/intelligent-bhaskara.93-93-114-159.plesk.page\/index.php\/mesoterapia-capilar-2\/"]}]},{"@type":"ImageObject","inLanguage":"es","@id":"https:\/\/intelligent-bhaskara.93-93-114-159.plesk.page\/index.php\/mesoterapia-capilar-2\/#primaryimage","url":"https:\/\/intelligent-bhaskara.93-93-114-159.plesk.page\/wp-content\/uploads\/2025\/10\/Mesoterapia-capilar.jpg","contentUrl":"https:\/\/intelligent-bhaskara.93-93-114-159.plesk.page\/wp-content\/uploads\/2025\/10\/Mesoterapia-capilar.jpg","width":500,"height":500},{"@type":"BreadcrumbList","@id":"https:\/\/intelligent-bhaskara.93-93-114-159.plesk.page\/index.php\/mesoterapia-capilar-2\/#breadcrumb","itemListElement":[{"@type":"ListItem","position":1,"name":"Portada","item":"https:\/\/intelligent-bhaskara.93-93-114-159.plesk.page\/"},{"@type":"ListItem","position":2,"name":"MESOTERAPIA CAPILAR"}]},{"@type":"WebSite","@id":"https:\/\/intelligent-bhaskara.93-93-114-159.plesk.page\/#website","url":"https:\/\/intelligent-bhaskara.93-93-114-159.plesk.page\/","name":"Centro Est\u00e9tico Lezkairu","description":"","potentialAction":[{"@type":"SearchAction","target":{"@type":"EntryPoint","urlTemplate":"https:\/\/intelligent-bhaskara.93-93-114-159.plesk.page\/?s={search_term_string}"},"query-input":{"@type":"PropertyValueSpecification","valueRequired":true,"valueName":"search_term_string"}}],"inLanguage":"es"}]}},"_links":{"self":[{"href":"https:\/\/intelligent-bhaskara.93-93-114-159.plesk.page\/index.php\/wp-json\/wp\/v2\/pages\/790","targetHints":{"allow":["GET"]}}],"collection":[{"href":"https:\/\/intelligent-bhaskara.93-93-114-159.plesk.page\/index.php\/wp-json\/wp\/v2\/pages"}],"about":[{"href":"https:\/\/intelligent-bhaskara.93-93-114-159.plesk.page\/index.php\/wp-json\/wp\/v2\/types\/page"}],"author":[{"embeddable":true,"href":"https:\/\/intelligent-bhaskara.93-93-114-159.plesk.page\/index.php\/wp-json\/wp\/v2\/users\/3"}],"replies":[{"embeddable":true,"href":"https:\/\/intelligent-bhaskara.93-93-114-159.plesk.page\/index.php\/wp-json\/wp\/v2\/comments?post=790"}],"version-history":[{"count":7,"href":"https:\/\/intelligent-bhaskara.93-93-114-159.plesk.page\/index.php\/wp-json\/wp\/v2\/pages\/790\/revisions"}],"predecessor-version":[{"id":1281,"href":"https:\/\/intelligent-bhaskara.93-93-114-159.plesk.page\/index.php\/wp-json\/wp\/v2\/pages\/790\/revisions\/1281"}],"wp:attachment":[{"href":"https:\/\/intelligent-bhaskara.93-93-114-159.plesk.page\/index.php\/wp-json\/wp\/v2\/media?parent=790"}],"curies":[{"name":"wp","href":"https:\/\/api.w.org\/{rel}","templated":true}]}}