{"id":784,"date":"2025-11-10T09:39:15","date_gmt":"2025-11-10T09:39:15","guid":{"rendered":"https:\/\/intelligent-bhaskara.93-93-114-159.plesk.page\/?page_id=784"},"modified":"2026-02-20T11:54:14","modified_gmt":"2026-02-20T11:54:14","slug":"masajes-drenantes-postoperatorios-2","status":"publish","type":"page","link":"https:\/\/intelligent-bhaskara.93-93-114-159.plesk.page\/index.php\/masajes-drenantes-postoperatorios-2\/","title":{"rendered":"MASAJES DRENANTES POSTOPERATORIOS"},"content":{"rendered":"\t\t<div data-elementor-type=\"wp-page\" data-elementor-id=\"784\" class=\"elementor elementor-784\" data-elementor-post-type=\"page\">\n\t\t\t\t<div class=\"elementor-element elementor-element-57b0650 e-flex e-con-boxed e-con e-parent\" data-id=\"57b0650\" data-element_type=\"container\" data-settings=\"{&quot;background_background&quot;:&quot;classic&quot;}\">\n\t\t\t\t\t<div class=\"e-con-inner\">\n\t\t<div class=\"elementor-element elementor-element-338d2aa3 e-con-full e-flex e-con e-child\" data-id=\"338d2aa3\" data-element_type=\"container\" data-settings=\"{&quot;background_background&quot;:&quot;classic&quot;}\">\n\t\t<div class=\"elementor-element elementor-element-2cb06ca1 e-con-full e-flex e-con e-child\" data-id=\"2cb06ca1\" data-element_type=\"container\">\n\t\t\t\t<div class=\"elementor-element elementor-element-5d47916e elementor-widget elementor-widget-text-editor\" data-id=\"5d47916e\" data-element_type=\"widget\" data-widget_type=\"text-editor.default\">\n\t\t\t\t\t\t\t\t\t<p>MASAJES DRENANTES POSTOPERATORIOS<\/p>\t\t\t\t\t\t\t\t<\/div>\n\t\t\t\t<\/div>\n\t\t<div class=\"elementor-element elementor-element-1687e2e2 e-con-full e-flex e-con e-child\" data-id=\"1687e2e2\" data-element_type=\"container\" data-settings=\"{&quot;background_background&quot;:&quot;classic&quot;}\">\n\t\t\t\t<div class=\"elementor-element elementor-element-592167cc elementor-widget elementor-widget-text-editor\" data-id=\"592167cc\" data-element_type=\"widget\" data-widget_type=\"text-editor.default\">\n\t\t\t\t\t\t\t\t\t<p>AVANZADA<\/p>\t\t\t\t\t\t\t\t<\/div>\n\t\t\t\t<\/div>\n\t\t\t\t<\/div>\n\t\t\t\t\t<\/div>\n\t\t\t\t<\/div>\n\t\t<div class=\"elementor-element elementor-element-26b161b7 e-flex e-con-boxed e-con e-parent\" data-id=\"26b161b7\" data-element_type=\"container\" data-settings=\"{&quot;background_background&quot;:&quot;classic&quot;}\">\n\t\t\t\t\t<div class=\"e-con-inner\">\n\t\t\t\t<div class=\"elementor-element elementor-element-65417151 elementor-invisible elementor-widget elementor-widget-text-editor\" data-id=\"65417151\" data-element_type=\"widget\" data-settings=\"{&quot;_animation&quot;:&quot;fadeInLeft&quot;}\" data-widget_type=\"text-editor.default\">\n\t\t\t\t\t\t\t\t\t<p>ABDOMEN | PIERNAS | BRAZOS<\/p>\t\t\t\t\t\t\t\t<\/div>\n\t\t\t\t\t<\/div>\n\t\t\t\t<\/div>\n\t\t<div class=\"elementor-element elementor-element-480a32ed e-flex e-con-boxed e-con e-parent\" data-id=\"480a32ed\" data-element_type=\"container\">\n\t\t\t\t\t<div class=\"e-con-inner\">\n\t\t<div class=\"elementor-element elementor-element-61b7ddce e-con-full e-flex e-con e-child\" data-id=\"61b7ddce\" data-element_type=\"container\" data-settings=\"{&quot;background_background&quot;:&quot;classic&quot;}\">\n\t\t\t\t<div class=\"elementor-element elementor-element-35e096e0 elementor-widget elementor-widget-text-editor\" data-id=\"35e096e0\" data-element_type=\"widget\" data-widget_type=\"text-editor.default\">\n\t\t\t\t\t\t\t\t\t<p>Reduce inflamaci\u00f3n y retenci\u00f3n de l\u00edquidos<\/p>\t\t\t\t\t\t\t\t<\/div>\n\t\t\t\t<div class=\"elementor-element elementor-element-62c16eaf elementor-widget elementor-widget-text-editor\" data-id=\"62c16eaf\" data-element_type=\"widget\" data-widget_type=\"text-editor.default\">\n\t\t\t\t\t\t\t\t\t<p>Mejora la circulaci\u00f3n y la cicatrizaci\u00f3n<\/p>\t\t\t\t\t\t\t\t<\/div>\n\t\t\t\t<div class=\"elementor-element elementor-element-2dd05001 elementor-widget elementor-widget-text-editor\" data-id=\"2dd05001\" data-element_type=\"widget\" data-widget_type=\"text-editor.default\">\n\t\t\t\t\t\t\t\t\t<p>Acelera el proceso de recuperaci\u00f3n<\/p>\t\t\t\t\t\t\t\t<\/div>\n\t\t\t\t<div class=\"elementor-element elementor-element-127750f3 elementor-widget elementor-widget-text-editor\" data-id=\"127750f3\" data-element_type=\"widget\" data-widget_type=\"text-editor.default\">\n\t\t\t\t\t\t\t\t\t<p>Disminuye fibrosis y molestias postquir\u00fargicas<\/p>\t\t\t\t\t\t\t\t<\/div>\n\t\t\t\t<\/div>\n\t\t<div class=\"elementor-element elementor-element-8a4d118 e-con-full e-flex e-con e-child\" data-id=\"8a4d118\" data-element_type=\"container\" data-settings=\"{&quot;background_background&quot;:&quot;classic&quot;}\">\n\t\t\t\t<div class=\"elementor-element elementor-element-28bcf392 elementor-widget elementor-widget-text-editor\" data-id=\"28bcf392\" data-element_type=\"widget\" data-widget_type=\"text-editor.default\">\n\t\t\t\t\t\t\t\t\t<p>\u00bfQu\u00e9 es?<\/p>\t\t\t\t\t\t\t\t<\/div>\n\t\t\t\t<div class=\"elementor-element elementor-element-328082ce elementor-widget elementor-widget-text-editor\" data-id=\"328082ce\" data-element_type=\"widget\" data-widget_type=\"text-editor.default\">\n\t\t\t\t\t\t\t\t\t<p class=\"p1\">Los masajes drenantes postoperatorios son tratamientos manuales espec\u00edficos para favorecer la recuperaci\u00f3n tras cirug\u00edas est\u00e9ticas o m\u00e9dicas.<\/p><p class=\"p1\">Ayudan a reducir inflamaci\u00f3n, evitar fibrosis y mejorar el confort y la movilidad de los tejidos.<\/p>\t\t\t\t\t\t\t\t<\/div>\n\t\t\t\t<\/div>\n\t\t<div class=\"elementor-element elementor-element-211d33e e-con-full e-flex e-con e-child\" data-id=\"211d33e\" data-element_type=\"container\" data-settings=\"{&quot;background_background&quot;:&quot;classic&quot;}\">\n\t\t\t\t<div class=\"elementor-element elementor-element-af2f58d elementor-widget elementor-widget-text-editor\" data-id=\"af2f58d\" data-element_type=\"widget\" data-widget_type=\"text-editor.default\">\n\t\t\t\t\t\t\t\t\t<p>\u00bfEn que consiste?<\/p>\t\t\t\t\t\t\t\t<\/div>\n\t\t\t\t<div class=\"elementor-element elementor-element-466854e8 elementor-widget elementor-widget-text-editor\" data-id=\"466854e8\" data-element_type=\"widget\" data-widget_type=\"text-editor.default\">\n\t\t\t\t\t\t\t\t\t<p class=\"p1\">Tras una valoraci\u00f3n del \u00e1rea tratada, se combinan t\u00e9cnicas de drenaje linf\u00e1tico manual, maniobras suaves y, si est\u00e1 indicado, aparatolog\u00eda de apoyo para facilitar el drenaje de l\u00edquidos y disminuir la inflamaci\u00f3n.<\/p><p class=\"p1\">En <span class=\"s1\">Centro M\u00e9dico Est\u00e9tico Lezkairu<\/span>, adaptamos cada sesi\u00f3n al tipo de cirug\u00eda (liposucci\u00f3n, abdominoplastia, pecho, lifting, etc.), respetando los tiempos y la sensibilidad de cada fase de recuperaci\u00f3n para garantizar seguridad y resultados \u00f3ptimos.<\/p><p class=\"p1\">Las sesiones suelen durar <span class=\"s1\">45\u201360 minutos<\/span>, con una frecuencia inicial de varias sesiones por semana seg\u00fan indicaci\u00f3n m\u00e9dica.<\/p><p class=\"p1\">El objetivo: reducir inflamaci\u00f3n, prevenir adherencias, mejorar el confort y acelerar una recuperaci\u00f3n arm\u00f3nica y segura.<\/p>\t\t\t\t\t\t\t\t<\/div>\n\t\t\t\t<div class=\"elementor-element elementor-element-5570e1b2 elementor-align-center elementor-widget elementor-widget-button\" data-id=\"5570e1b2\" data-element_type=\"widget\" data-widget_type=\"button.default\">\n\t\t\t\t\t\t\t\t\t\t<a class=\"elementor-button elementor-button-link elementor-size-sm\" href=\"https:\/\/intelligent-bhaskara.93-93-114-159.plesk.page\/index.php\/contacto-centro-estetico-lezkairu\/\">\n\t\t\t\t\t\t<span class=\"elementor-button-content-wrapper\">\n\t\t\t\t\t\t\t\t\t<span class=\"elementor-button-text\">Solicita tu sesi\u00f3n<\/span>\n\t\t\t\t\t<\/span>\n\t\t\t\t\t<\/a>\n\t\t\t\t\t\t\t\t<\/div>\n\t\t\t\t<\/div>\n\t\t<div class=\"elementor-element elementor-element-1d152adf e-con-full e-flex e-con e-child\" data-id=\"1d152adf\" data-element_type=\"container\" data-settings=\"{&quot;background_background&quot;:&quot;classic&quot;}\">\n\t\t\t\t<div class=\"elementor-element elementor-element-27e5f229 elementor-widget elementor-widget-image\" data-id=\"27e5f229\" data-element_type=\"widget\" data-widget_type=\"image.default\">\n\t\t\t\t\t\t\t\t\t\t\t\t\t\t\t<img fetchpriority=\"high\" decoding=\"async\" width=\"500\" height=\"500\" src=\"https:\/\/intelligent-bhaskara.93-93-114-159.plesk.page\/wp-content\/uploads\/2025\/10\/Masajes-drenantes-postoperatorio.jpg\" class=\"attachment-full size-full wp-image-512\" alt=\"\" srcset=\"https:\/\/intelligent-bhaskara.93-93-114-159.plesk.page\/wp-content\/uploads\/2025\/10\/Masajes-drenantes-postoperatorio.jpg 500w, https:\/\/intelligent-bhaskara.93-93-114-159.plesk.page\/wp-content\/uploads\/2025\/10\/Masajes-drenantes-postoperatorio-300x300.jpg 300w, https:\/\/intelligent-bhaskara.93-93-114-159.plesk.page\/wp-content\/uploads\/2025\/10\/Masajes-drenantes-postoperatorio-150x150.jpg 150w\" sizes=\"(max-width: 500px) 100vw, 500px\" \/>\t\t\t\t\t\t\t\t\t\t\t\t\t\t\t<\/div>\n\t\t\t\t<\/div>\n\t\t\t\t\t<\/div>\n\t\t\t\t<\/div>\n\t\t\t\t<\/div>\n\t\t","protected":false},"excerpt":{"rendered":"<p>MASAJES DRENANTES POSTOPERATORIOS AVANZADA ABDOMEN | PIERNAS | BRAZOS Reduce inflamaci\u00f3n y retenci\u00f3n de l\u00edquidos Mejora la circulaci\u00f3n y la cicatrizaci\u00f3n Acelera el proceso de recuperaci\u00f3n Disminuye fibrosis y molestias postquir\u00fargicas \u00bfQu\u00e9 es? Los masajes drenantes postoperatorios son tratamientos manuales espec\u00edficos para favorecer la recuperaci\u00f3n tras cirug\u00edas est\u00e9ticas o m\u00e9dicas. Ayudan a reducir inflamaci\u00f3n, evitar [&hellip;]<\/p>\n","protected":false},"author":3,"featured_media":0,"parent":0,"menu_order":0,"comment_status":"closed","ping_status":"closed","template":"elementor_header_footer","meta":{"_joinchat":[],"footnotes":""},"class_list":["post-784","page","type-page","status-publish","hentry"],"yoast_head":"<!-- This site is optimized with the Yoast SEO plugin v27.0 - https:\/\/yoast.com\/product\/yoast-seo-wordpress\/ -->\n<title>MASAJES DRENANTES POSTOPERATORIOS - Centro Est\u00e9tico Lezkairu<\/title>\n<meta name=\"description\" content=\"Masajes drenantes postoperatorios en Pamplona. Drenaje linf\u00e1tico manual para reducir la inflamaci\u00f3n, evitar fibrosis y acelerar tu recuperaci\u00f3n quir\u00fargica.\" \/>\n<meta name=\"robots\" content=\"index, follow, max-snippet:-1, max-image-preview:large, max-video-preview:-1\" \/>\n<link rel=\"canonical\" href=\"https:\/\/intelligent-bhaskara.93-93-114-159.plesk.page\/index.php\/masajes-drenantes-postoperatorios-2\/\" \/>\n<meta property=\"og:locale\" content=\"es_ES\" \/>\n<meta property=\"og:type\" content=\"article\" \/>\n<meta property=\"og:title\" content=\"MASAJES DRENANTES POSTOPERATORIOS - Centro Est\u00e9tico Lezkairu\" \/>\n<meta property=\"og:description\" content=\"Masajes drenantes postoperatorios en Pamplona. Drenaje linf\u00e1tico manual para reducir la inflamaci\u00f3n, evitar fibrosis y acelerar tu recuperaci\u00f3n quir\u00fargica.\" \/>\n<meta property=\"og:url\" content=\"https:\/\/intelligent-bhaskara.93-93-114-159.plesk.page\/index.php\/masajes-drenantes-postoperatorios-2\/\" \/>\n<meta property=\"og:site_name\" content=\"Centro Est\u00e9tico Lezkairu\" \/>\n<meta property=\"article:modified_time\" content=\"2026-02-20T11:54:14+00:00\" \/>\n<meta property=\"og:image\" content=\"https:\/\/intelligent-bhaskara.93-93-114-159.plesk.page\/wp-content\/uploads\/2025\/10\/Masajes-drenantes-postoperatorio.jpg\" \/>\n<meta name=\"twitter:card\" content=\"summary_large_image\" \/>\n<meta name=\"twitter:label1\" content=\"Tiempo de lectura\" \/>\n\t<meta name=\"twitter:data1\" content=\"1 minuto\" \/>\n<script type=\"application\/ld+json\" class=\"yoast-schema-graph\">{\"@context\":\"https:\/\/schema.org\",\"@graph\":[{\"@type\":\"WebPage\",\"@id\":\"https:\/\/intelligent-bhaskara.93-93-114-159.plesk.page\/index.php\/masajes-drenantes-postoperatorios-2\/\",\"url\":\"https:\/\/intelligent-bhaskara.93-93-114-159.plesk.page\/index.php\/masajes-drenantes-postoperatorios-2\/\",\"name\":\"MASAJES DRENANTES POSTOPERATORIOS - Centro Est\u00e9tico Lezkairu\",\"isPartOf\":{\"@id\":\"https:\/\/intelligent-bhaskara.93-93-114-159.plesk.page\/#website\"},\"primaryImageOfPage\":{\"@id\":\"https:\/\/intelligent-bhaskara.93-93-114-159.plesk.page\/index.php\/masajes-drenantes-postoperatorios-2\/#primaryimage\"},\"image\":{\"@id\":\"https:\/\/intelligent-bhaskara.93-93-114-159.plesk.page\/index.php\/masajes-drenantes-postoperatorios-2\/#primaryimage\"},\"thumbnailUrl\":\"https:\/\/intelligent-bhaskara.93-93-114-159.plesk.page\/wp-content\/uploads\/2025\/10\/Masajes-drenantes-postoperatorio.jpg\",\"datePublished\":\"2025-11-10T09:39:15+00:00\",\"dateModified\":\"2026-02-20T11:54:14+00:00\",\"description\":\"Masajes drenantes postoperatorios en Pamplona. Drenaje linf\u00e1tico manual para reducir la inflamaci\u00f3n, evitar fibrosis y acelerar tu recuperaci\u00f3n quir\u00fargica.\",\"breadcrumb\":{\"@id\":\"https:\/\/intelligent-bhaskara.93-93-114-159.plesk.page\/index.php\/masajes-drenantes-postoperatorios-2\/#breadcrumb\"},\"inLanguage\":\"es\",\"potentialAction\":[{\"@type\":\"ReadAction\",\"target\":[\"https:\/\/intelligent-bhaskara.93-93-114-159.plesk.page\/index.php\/masajes-drenantes-postoperatorios-2\/\"]}]},{\"@type\":\"ImageObject\",\"inLanguage\":\"es\",\"@id\":\"https:\/\/intelligent-bhaskara.93-93-114-159.plesk.page\/index.php\/masajes-drenantes-postoperatorios-2\/#primaryimage\",\"url\":\"https:\/\/intelligent-bhaskara.93-93-114-159.plesk.page\/wp-content\/uploads\/2025\/10\/Masajes-drenantes-postoperatorio.jpg\",\"contentUrl\":\"https:\/\/intelligent-bhaskara.93-93-114-159.plesk.page\/wp-content\/uploads\/2025\/10\/Masajes-drenantes-postoperatorio.jpg\",\"width\":500,\"height\":500},{\"@type\":\"BreadcrumbList\",\"@id\":\"https:\/\/intelligent-bhaskara.93-93-114-159.plesk.page\/index.php\/masajes-drenantes-postoperatorios-2\/#breadcrumb\",\"itemListElement\":[{\"@type\":\"ListItem\",\"position\":1,\"name\":\"Portada\",\"item\":\"https:\/\/intelligent-bhaskara.93-93-114-159.plesk.page\/\"},{\"@type\":\"ListItem\",\"position\":2,\"name\":\"MASAJES DRENANTES POSTOPERATORIOS\"}]},{\"@type\":\"WebSite\",\"@id\":\"https:\/\/intelligent-bhaskara.93-93-114-159.plesk.page\/#website\",\"url\":\"https:\/\/intelligent-bhaskara.93-93-114-159.plesk.page\/\",\"name\":\"Centro Est\u00e9tico Lezkairu\",\"description\":\"\",\"potentialAction\":[{\"@type\":\"SearchAction\",\"target\":{\"@type\":\"EntryPoint\",\"urlTemplate\":\"https:\/\/intelligent-bhaskara.93-93-114-159.plesk.page\/?s={search_term_string}\"},\"query-input\":{\"@type\":\"PropertyValueSpecification\",\"valueRequired\":true,\"valueName\":\"search_term_string\"}}],\"inLanguage\":\"es\"}]}<\/script>\n<!-- \/ Yoast SEO plugin. -->","yoast_head_json":{"title":"MASAJES DRENANTES POSTOPERATORIOS - Centro Est\u00e9tico Lezkairu","description":"Masajes drenantes postoperatorios en Pamplona. Drenaje linf\u00e1tico manual para reducir la inflamaci\u00f3n, evitar fibrosis y acelerar tu recuperaci\u00f3n quir\u00fargica.","robots":{"index":"index","follow":"follow","max-snippet":"max-snippet:-1","max-image-preview":"max-image-preview:large","max-video-preview":"max-video-preview:-1"},"canonical":"https:\/\/intelligent-bhaskara.93-93-114-159.plesk.page\/index.php\/masajes-drenantes-postoperatorios-2\/","og_locale":"es_ES","og_type":"article","og_title":"MASAJES DRENANTES POSTOPERATORIOS - Centro Est\u00e9tico Lezkairu","og_description":"Masajes drenantes postoperatorios en Pamplona. Drenaje linf\u00e1tico manual para reducir la inflamaci\u00f3n, evitar fibrosis y acelerar tu recuperaci\u00f3n quir\u00fargica.","og_url":"https:\/\/intelligent-bhaskara.93-93-114-159.plesk.page\/index.php\/masajes-drenantes-postoperatorios-2\/","og_site_name":"Centro Est\u00e9tico Lezkairu","article_modified_time":"2026-02-20T11:54:14+00:00","og_image":[{"url":"https:\/\/intelligent-bhaskara.93-93-114-159.plesk.page\/wp-content\/uploads\/2025\/10\/Masajes-drenantes-postoperatorio.jpg","type":"","width":"","height":""}],"twitter_card":"summary_large_image","twitter_misc":{"Tiempo de lectura":"1 minuto"},"schema":{"@context":"https:\/\/schema.org","@graph":[{"@type":"WebPage","@id":"https:\/\/intelligent-bhaskara.93-93-114-159.plesk.page\/index.php\/masajes-drenantes-postoperatorios-2\/","url":"https:\/\/intelligent-bhaskara.93-93-114-159.plesk.page\/index.php\/masajes-drenantes-postoperatorios-2\/","name":"MASAJES DRENANTES POSTOPERATORIOS - Centro Est\u00e9tico Lezkairu","isPartOf":{"@id":"https:\/\/intelligent-bhaskara.93-93-114-159.plesk.page\/#website"},"primaryImageOfPage":{"@id":"https:\/\/intelligent-bhaskara.93-93-114-159.plesk.page\/index.php\/masajes-drenantes-postoperatorios-2\/#primaryimage"},"image":{"@id":"https:\/\/intelligent-bhaskara.93-93-114-159.plesk.page\/index.php\/masajes-drenantes-postoperatorios-2\/#primaryimage"},"thumbnailUrl":"https:\/\/intelligent-bhaskara.93-93-114-159.plesk.page\/wp-content\/uploads\/2025\/10\/Masajes-drenantes-postoperatorio.jpg","datePublished":"2025-11-10T09:39:15+00:00","dateModified":"2026-02-20T11:54:14+00:00","description":"Masajes drenantes postoperatorios en Pamplona. Drenaje linf\u00e1tico manual para reducir la inflamaci\u00f3n, evitar fibrosis y acelerar tu recuperaci\u00f3n quir\u00fargica.","breadcrumb":{"@id":"https:\/\/intelligent-bhaskara.93-93-114-159.plesk.page\/index.php\/masajes-drenantes-postoperatorios-2\/#breadcrumb"},"inLanguage":"es","potentialAction":[{"@type":"ReadAction","target":["https:\/\/intelligent-bhaskara.93-93-114-159.plesk.page\/index.php\/masajes-drenantes-postoperatorios-2\/"]}]},{"@type":"ImageObject","inLanguage":"es","@id":"https:\/\/intelligent-bhaskara.93-93-114-159.plesk.page\/index.php\/masajes-drenantes-postoperatorios-2\/#primaryimage","url":"https:\/\/intelligent-bhaskara.93-93-114-159.plesk.page\/wp-content\/uploads\/2025\/10\/Masajes-drenantes-postoperatorio.jpg","contentUrl":"https:\/\/intelligent-bhaskara.93-93-114-159.plesk.page\/wp-content\/uploads\/2025\/10\/Masajes-drenantes-postoperatorio.jpg","width":500,"height":500},{"@type":"BreadcrumbList","@id":"https:\/\/intelligent-bhaskara.93-93-114-159.plesk.page\/index.php\/masajes-drenantes-postoperatorios-2\/#breadcrumb","itemListElement":[{"@type":"ListItem","position":1,"name":"Portada","item":"https:\/\/intelligent-bhaskara.93-93-114-159.plesk.page\/"},{"@type":"ListItem","position":2,"name":"MASAJES DRENANTES POSTOPERATORIOS"}]},{"@type":"WebSite","@id":"https:\/\/intelligent-bhaskara.93-93-114-159.plesk.page\/#website","url":"https:\/\/intelligent-bhaskara.93-93-114-159.plesk.page\/","name":"Centro Est\u00e9tico Lezkairu","description":"","potentialAction":[{"@type":"SearchAction","target":{"@type":"EntryPoint","urlTemplate":"https:\/\/intelligent-bhaskara.93-93-114-159.plesk.page\/?s={search_term_string}"},"query-input":{"@type":"PropertyValueSpecification","valueRequired":true,"valueName":"search_term_string"}}],"inLanguage":"es"}]}},"_links":{"self":[{"href":"https:\/\/intelligent-bhaskara.93-93-114-159.plesk.page\/index.php\/wp-json\/wp\/v2\/pages\/784","targetHints":{"allow":["GET"]}}],"collection":[{"href":"https:\/\/intelligent-bhaskara.93-93-114-159.plesk.page\/index.php\/wp-json\/wp\/v2\/pages"}],"about":[{"href":"https:\/\/intelligent-bhaskara.93-93-114-159.plesk.page\/index.php\/wp-json\/wp\/v2\/types\/page"}],"author":[{"embeddable":true,"href":"https:\/\/intelligent-bhaskara.93-93-114-159.plesk.page\/index.php\/wp-json\/wp\/v2\/users\/3"}],"replies":[{"embeddable":true,"href":"https:\/\/intelligent-bhaskara.93-93-114-159.plesk.page\/index.php\/wp-json\/wp\/v2\/comments?post=784"}],"version-history":[{"count":10,"href":"https:\/\/intelligent-bhaskara.93-93-114-159.plesk.page\/index.php\/wp-json\/wp\/v2\/pages\/784\/revisions"}],"predecessor-version":[{"id":1278,"href":"https:\/\/intelligent-bhaskara.93-93-114-159.plesk.page\/index.php\/wp-json\/wp\/v2\/pages\/784\/revisions\/1278"}],"wp:attachment":[{"href":"https:\/\/intelligent-bhaskara.93-93-114-159.plesk.page\/index.php\/wp-json\/wp\/v2\/media?parent=784"}],"curies":[{"name":"wp","href":"https:\/\/api.w.org\/{rel}","templated":true}]}}