{"id":743,"date":"2025-11-10T08:36:12","date_gmt":"2025-11-10T08:36:12","guid":{"rendered":"https:\/\/intelligent-bhaskara.93-93-114-159.plesk.page\/?page_id=743"},"modified":"2026-02-20T08:58:50","modified_gmt":"2026-02-20T08:58:50","slug":"diagnostico-capilar","status":"publish","type":"page","link":"https:\/\/intelligent-bhaskara.93-93-114-159.plesk.page\/index.php\/diagnostico-capilar\/","title":{"rendered":"DIAGN\u00d3STICO CAPILAR"},"content":{"rendered":"\t\t<div data-elementor-type=\"wp-page\" data-elementor-id=\"743\" class=\"elementor elementor-743\" data-elementor-post-type=\"page\">\n\t\t\t\t<div class=\"elementor-element elementor-element-438d7166 e-flex e-con-boxed e-con e-parent\" data-id=\"438d7166\" data-element_type=\"container\" data-settings=\"{&quot;background_background&quot;:&quot;classic&quot;}\">\n\t\t\t\t\t<div class=\"e-con-inner\">\n\t\t<div class=\"elementor-element elementor-element-758e0f4f e-con-full e-flex e-con e-child\" data-id=\"758e0f4f\" data-element_type=\"container\" data-settings=\"{&quot;background_background&quot;:&quot;classic&quot;}\">\n\t\t<div class=\"elementor-element elementor-element-3e85d486 e-con-full e-flex e-con e-child\" data-id=\"3e85d486\" data-element_type=\"container\">\n\t\t\t\t<div class=\"elementor-element elementor-element-1caac67d elementor-widget__width-initial elementor-widget elementor-widget-text-editor\" data-id=\"1caac67d\" data-element_type=\"widget\" data-widget_type=\"text-editor.default\">\n\t\t\t\t\t\t\t\t\t<p>DIAGN\u00d3STICO CAPILAR<\/p>\t\t\t\t\t\t\t\t<\/div>\n\t\t\t\t<\/div>\n\t\t<div class=\"elementor-element elementor-element-4db8b2d1 e-con-full e-flex e-con e-child\" data-id=\"4db8b2d1\" data-element_type=\"container\" data-settings=\"{&quot;background_background&quot;:&quot;classic&quot;}\">\n\t\t\t\t<div class=\"elementor-element elementor-element-5fb3f36d elementor-widget elementor-widget-text-editor\" data-id=\"5fb3f36d\" data-element_type=\"widget\" data-widget_type=\"text-editor.default\">\n\t\t\t\t\t\t\t\t\t<p>CAPILAR<\/p>\t\t\t\t\t\t\t\t<\/div>\n\t\t\t\t<\/div>\n\t\t\t\t<\/div>\n\t\t\t\t\t<\/div>\n\t\t\t\t<\/div>\n\t\t<div class=\"elementor-element elementor-element-252e7159 e-flex e-con-boxed e-con e-parent\" data-id=\"252e7159\" data-element_type=\"container\" data-settings=\"{&quot;background_background&quot;:&quot;classic&quot;}\">\n\t\t\t\t\t<div class=\"e-con-inner\">\n\t\t\t\t<div class=\"elementor-element elementor-element-d4b144e elementor-invisible elementor-widget elementor-widget-text-editor\" data-id=\"d4b144e\" data-element_type=\"widget\" data-settings=\"{&quot;_animation&quot;:&quot;fadeInLeft&quot;}\" data-widget_type=\"text-editor.default\">\n\t\t\t\t\t\t\t\t\t<p>CUERO CABELLUDO<\/p>\t\t\t\t\t\t\t\t<\/div>\n\t\t\t\t\t<\/div>\n\t\t\t\t<\/div>\n\t\t<div class=\"elementor-element elementor-element-5408a51c e-flex e-con-boxed e-con e-parent\" data-id=\"5408a51c\" data-element_type=\"container\">\n\t\t\t\t\t<div class=\"e-con-inner\">\n\t\t<div class=\"elementor-element elementor-element-6b4001df e-con-full e-flex e-con e-child\" data-id=\"6b4001df\" data-element_type=\"container\" data-settings=\"{&quot;background_background&quot;:&quot;classic&quot;}\">\n\t\t\t\t<div class=\"elementor-element elementor-element-79c39408 elementor-widget elementor-widget-text-editor\" data-id=\"79c39408\" data-element_type=\"widget\" data-widget_type=\"text-editor.default\">\n\t\t\t\t\t\t\t\t\t<p>Estudio m\u00e9dico de cuero cabelludo y fol\u00edculo<\/p>\t\t\t\t\t\t\t\t<\/div>\n\t\t\t\t<div class=\"elementor-element elementor-element-78ffc899 elementor-widget elementor-widget-text-editor\" data-id=\"78ffc899\" data-element_type=\"widget\" data-widget_type=\"text-editor.default\">\n\t\t\t\t\t\t\t\t\t<p>Identificaci\u00f3n precisa de la causa de la ca\u00edda<\/p>\t\t\t\t\t\t\t\t<\/div>\n\t\t\t\t<div class=\"elementor-element elementor-element-32e2e1e9 elementor-widget elementor-widget-text-editor\" data-id=\"32e2e1e9\" data-element_type=\"widget\" data-widget_type=\"text-editor.default\">\n\t\t\t\t\t\t\t\t\t<p>Evaluaci\u00f3n de densidad, grosor y salud capilar<\/p>\t\t\t\t\t\t\t\t<\/div>\n\t\t\t\t<div class=\"elementor-element elementor-element-44a63833 elementor-widget elementor-widget-text-editor\" data-id=\"44a63833\" data-element_type=\"widget\" data-widget_type=\"text-editor.default\">\n\t\t\t\t\t\t\t\t\t<p>Plan de tratamiento personalizado<\/p>\t\t\t\t\t\t\t\t<\/div>\n\t\t\t\t<\/div>\n\t\t<div class=\"elementor-element elementor-element-38a1f64d e-con-full e-flex e-con e-child\" data-id=\"38a1f64d\" data-element_type=\"container\" data-settings=\"{&quot;background_background&quot;:&quot;classic&quot;}\">\n\t\t\t\t<div class=\"elementor-element elementor-element-6b69874d elementor-widget elementor-widget-text-editor\" data-id=\"6b69874d\" data-element_type=\"widget\" data-widget_type=\"text-editor.default\">\n\t\t\t\t\t\t\t\t\t<p>\u00bfQu\u00e9 es?<\/p>\t\t\t\t\t\t\t\t<\/div>\n\t\t\t\t<div class=\"elementor-element elementor-element-6ba1ad76 elementor-widget elementor-widget-text-editor\" data-id=\"6ba1ad76\" data-element_type=\"widget\" data-widget_type=\"text-editor.default\">\n\t\t\t\t\t\t\t\t\t<p class=\"p1\">El diagn\u00f3stico capilar es una evaluaci\u00f3n m\u00e9dica completa para conocer el estado del cuero cabelludo, la densidad del cabello y las causas de su ca\u00edda o debilitamiento.<\/p><p class=\"p1\">Permite determinar el tratamiento m\u00e1s adecuado para frenar la ca\u00edda y mejorar la calidad capilar.<\/p>\t\t\t\t\t\t\t\t<\/div>\n\t\t\t\t<\/div>\n\t\t<div class=\"elementor-element elementor-element-50f4bc4b e-con-full e-flex e-con e-child\" data-id=\"50f4bc4b\" data-element_type=\"container\" data-settings=\"{&quot;background_background&quot;:&quot;classic&quot;}\">\n\t\t\t\t<div class=\"elementor-element elementor-element-9488f94 elementor-widget elementor-widget-text-editor\" data-id=\"9488f94\" data-element_type=\"widget\" data-widget_type=\"text-editor.default\">\n\t\t\t\t\t\t\t\t\t<p>\u00bfEn que consiste?<\/p>\t\t\t\t\t\t\t\t<\/div>\n\t\t\t\t<div class=\"elementor-element elementor-element-1d44ddcc elementor-widget elementor-widget-text-editor\" data-id=\"1d44ddcc\" data-element_type=\"widget\" data-widget_type=\"text-editor.default\">\n\t\t\t\t\t\t\t\t\t<p class=\"p1\">Tras una entrevista cl\u00ednica inicial, analizamos el cuero cabelludo y el fol\u00edculo mediante t\u00e9cnicas como <span class=\"s1\">tricoscopia digital<\/span>, evaluaci\u00f3n de densidad, grosor y salud de la ra\u00edz capilar.<\/p><p class=\"p1\">En <span class=\"s1\">Centro M\u00e9dico Est\u00e9tico Lezkairu<\/span> estudiamos factores hormonales, nutricionales, gen\u00e9ticos y de estr\u00e9s para dise\u00f1ar un plan de tratamiento completo y personalizado, que puede incluir mesoterapia capilar, PRP, exosomas, fototerapia m\u00e9dica o tratamientos domiciliarios espec\u00edficos.<\/p><p class=\"p1\">El proceso dura aproximadamente <span class=\"s1\">30 minutos<\/span>, no es invasivo y ofrece un diagn\u00f3stico claro que gu\u00eda el tratamiento m\u00e1s adecuado para recuperar fuerza, densidad y vitalidad capilar<\/p>\t\t\t\t\t\t\t\t<\/div>\n\t\t\t\t<div class=\"elementor-element elementor-element-2cd40a9d elementor-align-center elementor-widget elementor-widget-button\" data-id=\"2cd40a9d\" data-element_type=\"widget\" data-widget_type=\"button.default\">\n\t\t\t\t\t\t\t\t\t\t<a class=\"elementor-button elementor-button-link elementor-size-sm\" href=\"https:\/\/intelligent-bhaskara.93-93-114-159.plesk.page\/index.php\/contacto\/\">\n\t\t\t\t\t\t<span class=\"elementor-button-content-wrapper\">\n\t\t\t\t\t\t\t\t\t<span class=\"elementor-button-text\">Solicita tu sesi\u00f3n<\/span>\n\t\t\t\t\t<\/span>\n\t\t\t\t\t<\/a>\n\t\t\t\t\t\t\t\t<\/div>\n\t\t\t\t<\/div>\n\t\t<div class=\"elementor-element elementor-element-26674776 e-con-full e-flex e-con e-child\" data-id=\"26674776\" data-element_type=\"container\" data-settings=\"{&quot;background_background&quot;:&quot;classic&quot;}\">\n\t\t\t\t<div class=\"elementor-element elementor-element-e851830 elementor-widget elementor-widget-image\" data-id=\"e851830\" data-element_type=\"widget\" data-widget_type=\"image.default\">\n\t\t\t\t\t\t\t\t\t\t\t\t\t\t\t<img fetchpriority=\"high\" decoding=\"async\" width=\"500\" height=\"500\" src=\"https:\/\/intelligent-bhaskara.93-93-114-159.plesk.page\/wp-content\/uploads\/2025\/10\/Diagnostico-Capilar.jpg\" class=\"attachment-full size-full wp-image-407\" alt=\"\" srcset=\"https:\/\/intelligent-bhaskara.93-93-114-159.plesk.page\/wp-content\/uploads\/2025\/10\/Diagnostico-Capilar.jpg 500w, https:\/\/intelligent-bhaskara.93-93-114-159.plesk.page\/wp-content\/uploads\/2025\/10\/Diagnostico-Capilar-300x300.jpg 300w, https:\/\/intelligent-bhaskara.93-93-114-159.plesk.page\/wp-content\/uploads\/2025\/10\/Diagnostico-Capilar-150x150.jpg 150w\" sizes=\"(max-width: 500px) 100vw, 500px\" \/>\t\t\t\t\t\t\t\t\t\t\t\t\t\t\t<\/div>\n\t\t\t\t<\/div>\n\t\t\t\t\t<\/div>\n\t\t\t\t<\/div>\n\t\t\t\t<\/div>\n\t\t","protected":false},"excerpt":{"rendered":"<p>DIAGN\u00d3STICO CAPILAR CAPILAR CUERO CABELLUDO Estudio m\u00e9dico de cuero cabelludo y fol\u00edculo Identificaci\u00f3n precisa de la causa de la ca\u00edda Evaluaci\u00f3n de densidad, grosor y salud capilar Plan de tratamiento personalizado \u00bfQu\u00e9 es? El diagn\u00f3stico capilar es una evaluaci\u00f3n m\u00e9dica completa para conocer el estado del cuero cabelludo, la densidad del cabello y las causas [&hellip;]<\/p>\n","protected":false},"author":3,"featured_media":0,"parent":0,"menu_order":0,"comment_status":"closed","ping_status":"closed","template":"elementor_header_footer","meta":{"_joinchat":[],"footnotes":""},"class_list":["post-743","page","type-page","status-publish","hentry"],"yoast_head":"<!-- This site is optimized with the Yoast SEO plugin v27.0 - https:\/\/yoast.com\/product\/yoast-seo-wordpress\/ -->\n<title>DIAGN\u00d3STICO CAPILAR - Centro Est\u00e9tico Lezkairu<\/title>\n<meta name=\"description\" content=\"Realiza tu diagn\u00f3stico capilar en Pamplona. Estudio m\u00e9dico del cuero cabelludo y fol\u00edculo con tricoscopia para frenar la ca\u00edda del cabello.\" \/>\n<meta name=\"robots\" content=\"index, follow, max-snippet:-1, max-image-preview:large, max-video-preview:-1\" \/>\n<link rel=\"canonical\" href=\"https:\/\/intelligent-bhaskara.93-93-114-159.plesk.page\/index.php\/diagnostico-capilar\/\" \/>\n<meta property=\"og:locale\" content=\"es_ES\" \/>\n<meta property=\"og:type\" content=\"article\" \/>\n<meta property=\"og:title\" content=\"DIAGN\u00d3STICO CAPILAR - Centro Est\u00e9tico Lezkairu\" \/>\n<meta property=\"og:description\" content=\"Realiza tu diagn\u00f3stico capilar en Pamplona. Estudio m\u00e9dico del cuero cabelludo y fol\u00edculo con tricoscopia para frenar la ca\u00edda del cabello.\" \/>\n<meta property=\"og:url\" content=\"https:\/\/intelligent-bhaskara.93-93-114-159.plesk.page\/index.php\/diagnostico-capilar\/\" \/>\n<meta property=\"og:site_name\" content=\"Centro Est\u00e9tico Lezkairu\" \/>\n<meta property=\"article:modified_time\" content=\"2026-02-20T08:58:50+00:00\" \/>\n<meta property=\"og:image\" content=\"https:\/\/intelligent-bhaskara.93-93-114-159.plesk.page\/wp-content\/uploads\/2025\/10\/Diagnostico-Capilar.jpg\" \/>\n<meta name=\"twitter:card\" content=\"summary_large_image\" \/>\n<meta name=\"twitter:label1\" content=\"Tiempo de lectura\" \/>\n\t<meta name=\"twitter:data1\" content=\"1 minuto\" \/>\n<script type=\"application\/ld+json\" class=\"yoast-schema-graph\">{\"@context\":\"https:\/\/schema.org\",\"@graph\":[{\"@type\":\"WebPage\",\"@id\":\"https:\/\/intelligent-bhaskara.93-93-114-159.plesk.page\/index.php\/diagnostico-capilar\/\",\"url\":\"https:\/\/intelligent-bhaskara.93-93-114-159.plesk.page\/index.php\/diagnostico-capilar\/\",\"name\":\"DIAGN\u00d3STICO CAPILAR - Centro Est\u00e9tico Lezkairu\",\"isPartOf\":{\"@id\":\"https:\/\/intelligent-bhaskara.93-93-114-159.plesk.page\/#website\"},\"primaryImageOfPage\":{\"@id\":\"https:\/\/intelligent-bhaskara.93-93-114-159.plesk.page\/index.php\/diagnostico-capilar\/#primaryimage\"},\"image\":{\"@id\":\"https:\/\/intelligent-bhaskara.93-93-114-159.plesk.page\/index.php\/diagnostico-capilar\/#primaryimage\"},\"thumbnailUrl\":\"https:\/\/intelligent-bhaskara.93-93-114-159.plesk.page\/wp-content\/uploads\/2025\/10\/Diagnostico-Capilar.jpg\",\"datePublished\":\"2025-11-10T08:36:12+00:00\",\"dateModified\":\"2026-02-20T08:58:50+00:00\",\"description\":\"Realiza tu diagn\u00f3stico capilar en Pamplona. Estudio m\u00e9dico del cuero cabelludo y fol\u00edculo con tricoscopia para frenar la ca\u00edda del cabello.\",\"breadcrumb\":{\"@id\":\"https:\/\/intelligent-bhaskara.93-93-114-159.plesk.page\/index.php\/diagnostico-capilar\/#breadcrumb\"},\"inLanguage\":\"es\",\"potentialAction\":[{\"@type\":\"ReadAction\",\"target\":[\"https:\/\/intelligent-bhaskara.93-93-114-159.plesk.page\/index.php\/diagnostico-capilar\/\"]}]},{\"@type\":\"ImageObject\",\"inLanguage\":\"es\",\"@id\":\"https:\/\/intelligent-bhaskara.93-93-114-159.plesk.page\/index.php\/diagnostico-capilar\/#primaryimage\",\"url\":\"https:\/\/intelligent-bhaskara.93-93-114-159.plesk.page\/wp-content\/uploads\/2025\/10\/Diagnostico-Capilar.jpg\",\"contentUrl\":\"https:\/\/intelligent-bhaskara.93-93-114-159.plesk.page\/wp-content\/uploads\/2025\/10\/Diagnostico-Capilar.jpg\",\"width\":500,\"height\":500,\"caption\":\"Tratamiento Capilar\"},{\"@type\":\"BreadcrumbList\",\"@id\":\"https:\/\/intelligent-bhaskara.93-93-114-159.plesk.page\/index.php\/diagnostico-capilar\/#breadcrumb\",\"itemListElement\":[{\"@type\":\"ListItem\",\"position\":1,\"name\":\"Portada\",\"item\":\"https:\/\/intelligent-bhaskara.93-93-114-159.plesk.page\/\"},{\"@type\":\"ListItem\",\"position\":2,\"name\":\"DIAGN\u00d3STICO CAPILAR\"}]},{\"@type\":\"WebSite\",\"@id\":\"https:\/\/intelligent-bhaskara.93-93-114-159.plesk.page\/#website\",\"url\":\"https:\/\/intelligent-bhaskara.93-93-114-159.plesk.page\/\",\"name\":\"Centro Est\u00e9tico Lezkairu\",\"description\":\"\",\"potentialAction\":[{\"@type\":\"SearchAction\",\"target\":{\"@type\":\"EntryPoint\",\"urlTemplate\":\"https:\/\/intelligent-bhaskara.93-93-114-159.plesk.page\/?s={search_term_string}\"},\"query-input\":{\"@type\":\"PropertyValueSpecification\",\"valueRequired\":true,\"valueName\":\"search_term_string\"}}],\"inLanguage\":\"es\"}]}<\/script>\n<!-- \/ Yoast SEO plugin. -->","yoast_head_json":{"title":"DIAGN\u00d3STICO CAPILAR - Centro Est\u00e9tico Lezkairu","description":"Realiza tu diagn\u00f3stico capilar en Pamplona. Estudio m\u00e9dico del cuero cabelludo y fol\u00edculo con tricoscopia para frenar la ca\u00edda del cabello.","robots":{"index":"index","follow":"follow","max-snippet":"max-snippet:-1","max-image-preview":"max-image-preview:large","max-video-preview":"max-video-preview:-1"},"canonical":"https:\/\/intelligent-bhaskara.93-93-114-159.plesk.page\/index.php\/diagnostico-capilar\/","og_locale":"es_ES","og_type":"article","og_title":"DIAGN\u00d3STICO CAPILAR - Centro Est\u00e9tico Lezkairu","og_description":"Realiza tu diagn\u00f3stico capilar en Pamplona. Estudio m\u00e9dico del cuero cabelludo y fol\u00edculo con tricoscopia para frenar la ca\u00edda del cabello.","og_url":"https:\/\/intelligent-bhaskara.93-93-114-159.plesk.page\/index.php\/diagnostico-capilar\/","og_site_name":"Centro Est\u00e9tico Lezkairu","article_modified_time":"2026-02-20T08:58:50+00:00","og_image":[{"url":"https:\/\/intelligent-bhaskara.93-93-114-159.plesk.page\/wp-content\/uploads\/2025\/10\/Diagnostico-Capilar.jpg","type":"","width":"","height":""}],"twitter_card":"summary_large_image","twitter_misc":{"Tiempo de lectura":"1 minuto"},"schema":{"@context":"https:\/\/schema.org","@graph":[{"@type":"WebPage","@id":"https:\/\/intelligent-bhaskara.93-93-114-159.plesk.page\/index.php\/diagnostico-capilar\/","url":"https:\/\/intelligent-bhaskara.93-93-114-159.plesk.page\/index.php\/diagnostico-capilar\/","name":"DIAGN\u00d3STICO CAPILAR - Centro Est\u00e9tico Lezkairu","isPartOf":{"@id":"https:\/\/intelligent-bhaskara.93-93-114-159.plesk.page\/#website"},"primaryImageOfPage":{"@id":"https:\/\/intelligent-bhaskara.93-93-114-159.plesk.page\/index.php\/diagnostico-capilar\/#primaryimage"},"image":{"@id":"https:\/\/intelligent-bhaskara.93-93-114-159.plesk.page\/index.php\/diagnostico-capilar\/#primaryimage"},"thumbnailUrl":"https:\/\/intelligent-bhaskara.93-93-114-159.plesk.page\/wp-content\/uploads\/2025\/10\/Diagnostico-Capilar.jpg","datePublished":"2025-11-10T08:36:12+00:00","dateModified":"2026-02-20T08:58:50+00:00","description":"Realiza tu diagn\u00f3stico capilar en Pamplona. Estudio m\u00e9dico del cuero cabelludo y fol\u00edculo con tricoscopia para frenar la ca\u00edda del cabello.","breadcrumb":{"@id":"https:\/\/intelligent-bhaskara.93-93-114-159.plesk.page\/index.php\/diagnostico-capilar\/#breadcrumb"},"inLanguage":"es","potentialAction":[{"@type":"ReadAction","target":["https:\/\/intelligent-bhaskara.93-93-114-159.plesk.page\/index.php\/diagnostico-capilar\/"]}]},{"@type":"ImageObject","inLanguage":"es","@id":"https:\/\/intelligent-bhaskara.93-93-114-159.plesk.page\/index.php\/diagnostico-capilar\/#primaryimage","url":"https:\/\/intelligent-bhaskara.93-93-114-159.plesk.page\/wp-content\/uploads\/2025\/10\/Diagnostico-Capilar.jpg","contentUrl":"https:\/\/intelligent-bhaskara.93-93-114-159.plesk.page\/wp-content\/uploads\/2025\/10\/Diagnostico-Capilar.jpg","width":500,"height":500,"caption":"Tratamiento Capilar"},{"@type":"BreadcrumbList","@id":"https:\/\/intelligent-bhaskara.93-93-114-159.plesk.page\/index.php\/diagnostico-capilar\/#breadcrumb","itemListElement":[{"@type":"ListItem","position":1,"name":"Portada","item":"https:\/\/intelligent-bhaskara.93-93-114-159.plesk.page\/"},{"@type":"ListItem","position":2,"name":"DIAGN\u00d3STICO CAPILAR"}]},{"@type":"WebSite","@id":"https:\/\/intelligent-bhaskara.93-93-114-159.plesk.page\/#website","url":"https:\/\/intelligent-bhaskara.93-93-114-159.plesk.page\/","name":"Centro Est\u00e9tico Lezkairu","description":"","potentialAction":[{"@type":"SearchAction","target":{"@type":"EntryPoint","urlTemplate":"https:\/\/intelligent-bhaskara.93-93-114-159.plesk.page\/?s={search_term_string}"},"query-input":{"@type":"PropertyValueSpecification","valueRequired":true,"valueName":"search_term_string"}}],"inLanguage":"es"}]}},"_links":{"self":[{"href":"https:\/\/intelligent-bhaskara.93-93-114-159.plesk.page\/index.php\/wp-json\/wp\/v2\/pages\/743","targetHints":{"allow":["GET"]}}],"collection":[{"href":"https:\/\/intelligent-bhaskara.93-93-114-159.plesk.page\/index.php\/wp-json\/wp\/v2\/pages"}],"about":[{"href":"https:\/\/intelligent-bhaskara.93-93-114-159.plesk.page\/index.php\/wp-json\/wp\/v2\/types\/page"}],"author":[{"embeddable":true,"href":"https:\/\/intelligent-bhaskara.93-93-114-159.plesk.page\/index.php\/wp-json\/wp\/v2\/users\/3"}],"replies":[{"embeddable":true,"href":"https:\/\/intelligent-bhaskara.93-93-114-159.plesk.page\/index.php\/wp-json\/wp\/v2\/comments?post=743"}],"version-history":[{"count":16,"href":"https:\/\/intelligent-bhaskara.93-93-114-159.plesk.page\/index.php\/wp-json\/wp\/v2\/pages\/743\/revisions"}],"predecessor-version":[{"id":1238,"href":"https:\/\/intelligent-bhaskara.93-93-114-159.plesk.page\/index.php\/wp-json\/wp\/v2\/pages\/743\/revisions\/1238"}],"wp:attachment":[{"href":"https:\/\/intelligent-bhaskara.93-93-114-159.plesk.page\/index.php\/wp-json\/wp\/v2\/media?parent=743"}],"curies":[{"name":"wp","href":"https:\/\/api.w.org\/{rel}","templated":true}]}}